{"id":2886,"date":"2026-04-09T12:21:31","date_gmt":"2026-04-09T10:21:31","guid":{"rendered":"https:\/\/organicoils.it\/production\/"},"modified":"2026-04-27T12:31:57","modified_gmt":"2026-04-27T10:31:57","slug":"production","status":"publish","type":"page","link":"https:\/\/organicoils.it\/fr\/production\/","title":{"rendered":"Production"},"content":{"rendered":"<section class=\"l-section wpb_row us_custom_abdf32d8 height_huge color_primary\"><div class=\"l-section-overlay\" style=\"background:linear-gradient(90deg, #95c11f 0%,#95c11f 46%,transparent 70%)\"><\/div><div class=\"l-section-h i-cf\"><div class=\"g-cols vc_row via_grid cols_2 laptops-cols_inherit tablets-cols_inherit mobiles-cols_1 valign_top type_default stacking_default\"><div class=\"wpb_column vc_column_container\"><div class=\"vc_column-inner\"><nav class=\"g-breadcrumbs us_custom_4168cbc3 has_text_color separator_icon align_none\" itemscope itemtype=\"http:\/\/schema.org\/BreadcrumbList\"><div class=\"g-breadcrumbs-item\" itemscope itemprop=\"itemListElement\" itemtype=\"http:\/\/schema.org\/ListItem\"><a itemprop=\"item\" href=\"https:\/\/organicoils.it\/fr\/\"><span itemprop=\"name\">Accueil<\/span><\/a><meta itemprop=\"position\" content=\"1\"\/><\/div><div class=\"g-breadcrumbs-separator\"><i class=\"far fa-angle-right\"><\/i><\/div><div class=\"g-breadcrumbs-item\">Pages<\/div><\/nav><div class=\"w-separator size_medium\"><\/div><h1 class=\"w-text us_custom_8e24ca0a\"><span class=\"w-text-h\"><span class=\"w-text-value\">Notre Production<\/span><\/span><\/h1><\/div><\/div><div class=\"wpb_column vc_column_container\"><div class=\"vc_column-inner\"><\/div><\/div><\/div><\/div><\/section><section class=\"l-section wpb_row height_medium color_alternate\"><div class=\"l-section-h i-cf\"><div class=\"g-cols vc_row via_grid cols_2-1 laptops-cols_inherit tablets-cols_inherit mobiles-cols_1 valign_middle type_default stacking_default\"><div class=\"wpb_column vc_column_container us_custom_d77bca1a us_animate_this\"><div class=\"vc_column-inner\"><div class=\"w-separator us_custom_41db1529 size_small with_line width_default thick_2 style_solid color_primary align_center\"><div class=\"w-separator-h\"><\/div><\/div><h2 class=\"w-text\"><span class=\"w-text-h\"><span class=\"w-text-value\">M\u00e9thode<\/span><\/span><\/h2><div class=\"wpb_text_column\"><div class=\"wpb_wrapper\"><p><span role=\"presentation\" dir=\"ltr\">Le processus de production s&rsquo;articule autour de phases<\/span> <span role=\"presentation\" dir=\"ltr\">contr\u00f4l\u00e9es de s\u00e9lection, de nettoyage, de criblage<\/span>, <span role=\"presentation\" dir=\"ltr\">de pression \u00e0 froid et de d\u00e9cantation naturelle,<\/span> <span role=\"presentation\" dir=\"ltr\">con\u00e7ues pour pr\u00e9server l&rsquo;int\u00e9grit\u00e9 des mati\u00e8res<\/span> <span role=\"presentation\" dir=\"ltr\">premi\u00e8res et garantir des normes de qualit\u00e9 constantes.<\/span><\/p>\n<p><span role=\"presentation\" dir=\"ltr\">Le contr\u00f4le continu tout au long de la cha\u00eene se<\/span> <span role=\"presentation\" dir=\"ltr\">traduit par une garantie concr\u00e8te pour le<\/span> c<span role=\"presentation\" dir=\"ltr\">onsommateur : une qualit\u00e9 constante<\/span>, <span role=\"presentation\" dir=\"ltr\">la s\u00e9curit\u00e9 du produit et une parfaite correspondance<\/span> <span role=\"presentation\" dir=\"ltr\">entre ce qui est d\u00e9clar\u00e9 sur l&rsquo;\u00e9tiquette<\/span><span role=\"presentation\" dir=\"ltr\"> et le contenu du produit final.<\/span><\/p>\n<\/div><\/div><\/div><\/div><div class=\"wpb_column vc_column_container\"><div class=\"vc_column-inner\"><\/div><\/div><\/div><\/div><\/section><section class=\"l-section wpb_row us_custom_d77bca1a us_animate_this height_auto\"><div class=\"l-section-h i-cf\"><div class=\"g-cols vc_row via_grid cols_3-2 laptops-cols_inherit tablets-cols_inherit mobiles-cols_1 valign_top type_default stacking_default\"><div class=\"wpb_column vc_column_container\"><div class=\"vc_column-inner\"><div class=\"w-separator size_huge\"><\/div><div class=\"wpb_text_column us_custom_d77bca1a us_animate_this\"><div class=\"wpb_wrapper\"><h4>L&rsquo;arriv\u00e9e \u00e0 l&rsquo;usine<\/h4>\n<p>Au fil du temps, l&rsquo;entreprise a d\u00e9velopp\u00e9 des proc\u00e9dures internes structur\u00e9es qui garantissent la continuit\u00e9 de la qualit\u00e9 et la gestion contr\u00f4l\u00e9e de chaque phase de production. La s\u00e9lection des fournisseurs s&rsquo;effectue par le biais d&rsquo;audits d\u00e9di\u00e9s et de v\u00e9rifications documentaires ; \u00e0 l&rsquo;arriv\u00e9e \u00e0 l&rsquo;usine, chaque lot est soumis \u00e0 des analyses dans notre laboratoire interne et par des laboratoires externes certifi\u00e9s. Seules les mati\u00e8res premi\u00e8res pleinement conformes aux cahiers des charges techniques et aux exigences de l&rsquo;agriculture biologique sont admises \u00e0 la transformation.<\/p>\n<\/div><\/div><div class=\"w-separator size_huge\"><\/div><\/div><\/div><div data-us-scroll=\"{&quot;from_initial_position&quot;:&quot;0&quot;,&quot;start_position&quot;:&quot;0%&quot;,&quot;end_position&quot;:&quot;100%&quot;,&quot;delay&quot;:&quot;0.1s&quot;}\" class=\"wpb_column vc_column_container us_custom_4a0207a7 us_animate_this has_scroll_effects has_bg_color stretched\"><div class=\"vc_column-overlay\" style=\"background:linear-gradient(270deg, transparent 0%,rgba(255,255,255,0) 73%,#ffffff 100%)\"><\/div><div class=\"vc_column-inner\"><\/div><\/div><\/div><\/div><\/section><section class=\"l-section wpb_row us_custom_e33a8179 us_animate_this height_auto\"><div class=\"l-section-h i-cf\"><div class=\"g-cols vc_row via_grid cols_2-3 laptops-cols_inherit tablets-cols_inherit mobiles-cols_1 valign_middle type_default reversed stacking_default\"><div class=\"wpb_column vc_column_container us_custom_2f3938a5 us_animate_this stretched\"><div class=\"vc_column-overlay\" style=\"background:linear-gradient(90deg, transparent 0%,rgba(255,255,255,0) 71%,#ffffff 100%)\"><\/div><div class=\"vc_column-inner\"><div class=\"w-slider us_custom_fe549043 style_none fit_cover nav_none count_3\"><div class=\"w-slider-h\" aria-hidden=\"true\"><div class=\"royalSlider\"><div class=\"rsContent\"><a class=\"rsImg\" data-rsw=\"1024\" data-rsh=\"681\" href=\"https:\/\/organicoils.it\/wp-content\/uploads\/2026\/04\/PO0007-1024x681.jpg\"><span data-alt=\"\"><\/span><\/a><\/div><div class=\"rsContent\"><a class=\"rsImg\" data-rsw=\"681\" data-rsh=\"1024\" href=\"https:\/\/organicoils.it\/wp-content\/uploads\/2026\/04\/PO0023-681x1024.jpg\"><span data-alt=\"\"><\/span><\/a><\/div><div class=\"rsContent\"><a class=\"rsImg\" data-rsw=\"1024\" data-rsh=\"681\" href=\"https:\/\/organicoils.it\/wp-content\/uploads\/2026\/04\/PO0026-1024x681.jpg\"><span data-alt=\"\"><\/span><\/a><\/div><\/div><img decoding=\"async\" src=\"https:\/\/organicoils.it\/wp-content\/uploads\/2026\/04\/PO0007-1024x681.jpg\" width=\"1024\" height=\"681\" alt loading=\"lazy\"><\/div><div class=\"w-slider-json\" onclick='return {&quot;autoScaleSlider&quot;:true,&quot;addActiveClass&quot;:true,&quot;loop&quot;:true,&quot;fadeInLoadedSlide&quot;:false,&quot;slidesSpacing&quot;:0,&quot;imageScalePadding&quot;:0,&quot;numImagesToPreload&quot;:2,&quot;arrowsNav&quot;:false,&quot;arrowsNavAutoHide&quot;:false,&quot;transitionType&quot;:&quot;fade&quot;,&quot;transitionSpeed&quot;:550,&quot;block&quot;:{&quot;moveEffect&quot;:&quot;none&quot;,&quot;speed&quot;:300},&quot;thumbs&quot;:{&quot;fitInViewport&quot;:false,&quot;firstMargin&quot;:false,&quot;spacing&quot;:4},&quot;controlNavigation&quot;:&quot;none&quot;,&quot;autoplay&quot;:{&quot;enabled&quot;:true,&quot;pauseOnHover&quot;:false,&quot;delay&quot;:3000},&quot;autoScaleSliderWidth&quot;:1024,&quot;autoScaleSliderHeight&quot;:681}'><\/div><\/div><\/div><\/div><div class=\"wpb_column vc_column_container\"><div class=\"vc_column-inner\"><div class=\"wpb_text_column us_custom_6972d9f4\"><div class=\"wpb_wrapper\"><h4>La transformation<\/h4>\n<p><span role=\"presentation\" dir=\"ltr\">Outre les phases contr\u00f4l\u00e9es susmentionn\u00e9es, pour certains types d&rsquo;huiles destin\u00e9es \u00e0 un usage<\/span> <span role=\"presentation\" dir=\"ltr\">quotidien, une \u00e9tape<\/span> <span role=\"presentation\" dir=\"ltr\">de d\u00e9sodorisation physique \u00e0 la vapeur est pr\u00e9vue, ce qui att\u00e9nue le go\u00fbt<\/span> <span role=\"presentation\" dir=\"ltr\">et la couleur sans compromettre les propri\u00e9t\u00e9s<\/span>,<span role=\"presentation\" dir=\"ltr\"> rendant le produit plus polyvalent et adapt\u00e9 \u00e0 diverses application<\/span>s <span role=\"presentation\" dir=\"ltr\">en cuisine.<\/span><\/p>\n<\/div><\/div><\/div><\/div><\/div><\/div><\/section><section class=\"l-section wpb_row us_custom_20bd13cd us_animate_this height_auto\"><div class=\"l-section-h i-cf\"><div class=\"g-cols vc_row via_grid cols_3-2 laptops-cols_inherit tablets-cols_inherit mobiles-cols_1 valign_middle type_default stacking_default\"><div class=\"wpb_column vc_column_container\"><div class=\"vc_column-inner\"><div class=\"wpb_text_column us_custom_6972d9f4\"><div class=\"wpb_wrapper\"><h4>Le conditionnement<\/h4>\n<p>Le conditionnement en interne et la tra\u00e7abilit\u00e9 documentaire contribuent \u00e0 garantir la fra\u00eecheur, la s\u00e9curit\u00e9 et la coh\u00e9rence de la qualit\u00e9 tout au long de la cha\u00eene d&rsquo;approvisionnement. La conformit\u00e9 aux exigences r\u00e9glementaires europ\u00e9ennes permet \u00e0 Organic Oils d&rsquo;op\u00e9rer \u00e9galement sur les march\u00e9s internationaux, o\u00f9 la certification et la transparence repr\u00e9sentent des conditions pr\u00e9alables essentielles.<\/p>\n<\/div><\/div><\/div><\/div><div class=\"wpb_column vc_column_container us_custom_2f3938a5 us_animate_this stretched\"><div class=\"vc_column-overlay\" style=\"background:linear-gradient(270deg, transparent 0%,transparent 70%,#fff 100%)\"><\/div><div class=\"vc_column-inner\"><div class=\"w-slider style_none fit_contain nav_none count_4\"><div class=\"w-slider-h\" aria-hidden=\"true\"><div class=\"royalSlider\"><div class=\"rsContent\"><a class=\"rsImg\" data-rsw=\"1024\" data-rsh=\"681\" href=\"https:\/\/organicoils.it\/wp-content\/uploads\/2026\/04\/PO0187-1024x681.jpg\"><span data-alt=\"\"><\/span><\/a><\/div><div class=\"rsContent\"><a class=\"rsImg\" data-rsw=\"1024\" data-rsh=\"681\" href=\"https:\/\/organicoils.it\/wp-content\/uploads\/2026\/04\/PO0183-1024x681.jpg\"><span data-alt=\"\"><\/span><\/a><\/div><div class=\"rsContent\"><a class=\"rsImg\" data-rsw=\"1024\" data-rsh=\"681\" href=\"https:\/\/organicoils.it\/wp-content\/uploads\/2026\/04\/PO0177-1024x681.jpg\"><span data-alt=\"\"><\/span><\/a><\/div><div class=\"rsContent\"><a class=\"rsImg\" data-rsw=\"1024\" data-rsh=\"576\" href=\"https:\/\/organicoils.it\/wp-content\/uploads\/2026\/04\/PO0201-1-1024x576.jpg\"><span data-alt=\"\"><\/span><\/a><\/div><\/div><img decoding=\"async\" src=\"https:\/\/organicoils.it\/wp-content\/uploads\/2026\/04\/PO0187-1024x681.jpg\" width=\"1024\" height=\"681\" alt loading=\"lazy\"><\/div><div class=\"w-slider-json\" onclick='return {&quot;autoScaleSlider&quot;:true,&quot;addActiveClass&quot;:true,&quot;loop&quot;:true,&quot;fadeInLoadedSlide&quot;:false,&quot;slidesSpacing&quot;:0,&quot;imageScalePadding&quot;:0,&quot;numImagesToPreload&quot;:2,&quot;arrowsNav&quot;:false,&quot;arrowsNavAutoHide&quot;:false,&quot;transitionType&quot;:&quot;fade&quot;,&quot;transitionSpeed&quot;:550,&quot;block&quot;:{&quot;moveEffect&quot;:&quot;none&quot;,&quot;speed&quot;:300},&quot;thumbs&quot;:{&quot;fitInViewport&quot;:false,&quot;firstMargin&quot;:false,&quot;spacing&quot;:4},&quot;controlNavigation&quot;:&quot;none&quot;,&quot;autoplay&quot;:{&quot;enabled&quot;:true,&quot;pauseOnHover&quot;:false,&quot;delay&quot;:3000},&quot;autoScaleSliderWidth&quot;:1024,&quot;autoScaleSliderHeight&quot;:681}'><\/div><\/div><\/div><\/div><\/div><\/div><\/section>\n","protected":false},"excerpt":{"rendered":"AccueilPagesNotre ProductionM\u00e9thodeLe processus de production s&rsquo;articule autour de phases contr\u00f4l\u00e9es de s\u00e9lection, de nettoyage, de criblage, de pression \u00e0 froid et de d\u00e9cantation naturelle, con\u00e7ues pour pr\u00e9server l&rsquo;int\u00e9grit\u00e9 des mati\u00e8res premi\u00e8res et garantir des normes de qualit\u00e9 constantes. Le contr\u00f4le continu tout au long de la cha\u00eene se traduit par une garantie concr\u00e8te pour le...","protected":false},"author":3,"featured_media":2752,"parent":0,"menu_order":0,"comment_status":"closed","ping_status":"closed","template":"","meta":{"_acf_changed":false,"footnotes":""},"class_list":["post-2886","page","type-page","status-publish","has-post-thumbnail","hentry"],"acf":[],"yoast_head":"<!-- This site is optimized with the Yoast SEO plugin v27.4 - https:\/\/yoast.com\/product\/yoast-seo-wordpress\/ -->\n<title>Fili\u00e8re int\u00e9gr\u00e9e : production d\u2019huiles 100 % biologiques | Organic Oils<\/title>\n<meta name=\"description\" content=\"Nous g\u00e9rons en interne chaque \u00e9tape de la production d\u2019huiles 100 % biologiques : pression \u00e0 froid, filtration m\u00e9canique, d\u00e9cantation naturelle et conditionnement.\" \/>\n<meta name=\"robots\" content=\"index, follow, max-snippet:-1, max-image-preview:large, max-video-preview:-1\" \/>\n<link rel=\"canonical\" href=\"https:\/\/organicoils.it\/fr\/production\/\" \/>\n<meta property=\"og:locale\" content=\"fr_FR\" \/>\n<meta property=\"og:type\" content=\"article\" \/>\n<meta property=\"og:title\" content=\"Fili\u00e8re int\u00e9gr\u00e9e : production d\u2019huiles 100 % biologiques | Organic Oils\" \/>\n<meta property=\"og:description\" content=\"Nous g\u00e9rons en interne chaque \u00e9tape de la production d\u2019huiles 100 % biologiques : pression \u00e0 froid, filtration m\u00e9canique, d\u00e9cantation naturelle et conditionnement.\" \/>\n<meta property=\"og:url\" content=\"https:\/\/organicoils.it\/fr\/production\/\" \/>\n<meta property=\"og:site_name\" content=\"Organic Oils\" \/>\n<meta property=\"article:publisher\" content=\"https:\/\/www.facebook.com\/p\/Organic-Oils-Italia-Srl-100063749853874\/\" \/>\n<meta property=\"article:modified_time\" content=\"2026-04-27T10:31:57+00:00\" \/>\n<meta property=\"og:image\" content=\"https:\/\/organicoils.it\/wp-content\/uploads\/2026\/04\/PO0162.jpg\" \/>\n\t<meta property=\"og:image:width\" content=\"2000\" \/>\n\t<meta property=\"og:image:height\" content=\"1331\" \/>\n\t<meta property=\"og:image:type\" content=\"image\/jpeg\" \/>\n<meta name=\"twitter:card\" content=\"summary_large_image\" \/>\n<meta name=\"twitter:label1\" content=\"Dur\u00e9e de lecture estim\u00e9e\" \/>\n\t<meta name=\"twitter:data1\" content=\"5 minutes\" \/>\n<script type=\"application\/ld+json\" class=\"yoast-schema-graph\">{\"@context\":\"https:\\\/\\\/schema.org\",\"@graph\":[{\"@type\":\"WebPage\",\"@id\":\"https:\\\/\\\/organicoils.it\\\/fr\\\/production\\\/\",\"url\":\"https:\\\/\\\/organicoils.it\\\/fr\\\/production\\\/\",\"name\":\"Fili\u00e8re int\u00e9gr\u00e9e : production d\u2019huiles 100 % biologiques | Organic Oils\",\"isPartOf\":{\"@id\":\"https:\\\/\\\/organicoils.it\\\/fr\\\/#website\"},\"primaryImageOfPage\":{\"@id\":\"https:\\\/\\\/organicoils.it\\\/fr\\\/production\\\/#primaryimage\"},\"image\":{\"@id\":\"https:\\\/\\\/organicoils.it\\\/fr\\\/production\\\/#primaryimage\"},\"thumbnailUrl\":\"https:\\\/\\\/organicoils.it\\\/wp-content\\\/uploads\\\/2026\\\/04\\\/PO0162.jpg\",\"datePublished\":\"2026-04-09T10:21:31+00:00\",\"dateModified\":\"2026-04-27T10:31:57+00:00\",\"description\":\"Nous g\u00e9rons en interne chaque \u00e9tape de la production d\u2019huiles 100 % biologiques : pression \u00e0 froid, filtration m\u00e9canique, d\u00e9cantation naturelle et conditionnement.\",\"breadcrumb\":{\"@id\":\"https:\\\/\\\/organicoils.it\\\/fr\\\/production\\\/#breadcrumb\"},\"inLanguage\":\"fr-FR\",\"potentialAction\":[{\"@type\":\"ReadAction\",\"target\":[\"https:\\\/\\\/organicoils.it\\\/fr\\\/production\\\/\"]}]},{\"@type\":\"ImageObject\",\"inLanguage\":\"fr-FR\",\"@id\":\"https:\\\/\\\/organicoils.it\\\/fr\\\/production\\\/#primaryimage\",\"url\":\"https:\\\/\\\/organicoils.it\\\/wp-content\\\/uploads\\\/2026\\\/04\\\/PO0162.jpg\",\"contentUrl\":\"https:\\\/\\\/organicoils.it\\\/wp-content\\\/uploads\\\/2026\\\/04\\\/PO0162.jpg\",\"width\":2000,\"height\":1331},{\"@type\":\"BreadcrumbList\",\"@id\":\"https:\\\/\\\/organicoils.it\\\/fr\\\/production\\\/#breadcrumb\",\"itemListElement\":[{\"@type\":\"ListItem\",\"position\":1,\"name\":\"Home\",\"item\":\"https:\\\/\\\/organicoils.it\\\/fr\\\/\"},{\"@type\":\"ListItem\",\"position\":2,\"name\":\"Production\"}]},{\"@type\":\"WebSite\",\"@id\":\"https:\\\/\\\/organicoils.it\\\/fr\\\/#website\",\"url\":\"https:\\\/\\\/organicoils.it\\\/fr\\\/\",\"name\":\"Organic Oils\",\"description\":\"Gli specialisti degli oli biologici in Italia\",\"publisher\":{\"@id\":\"https:\\\/\\\/organicoils.it\\\/fr\\\/#organization\"},\"potentialAction\":[{\"@type\":\"SearchAction\",\"target\":{\"@type\":\"EntryPoint\",\"urlTemplate\":\"https:\\\/\\\/organicoils.it\\\/fr\\\/?s={search_term_string}\"},\"query-input\":{\"@type\":\"PropertyValueSpecification\",\"valueRequired\":true,\"valueName\":\"search_term_string\"}}],\"inLanguage\":\"fr-FR\"},{\"@type\":\"Organization\",\"@id\":\"https:\\\/\\\/organicoils.it\\\/fr\\\/#organization\",\"name\":\"Organic Oils\",\"url\":\"https:\\\/\\\/organicoils.it\\\/fr\\\/\",\"logo\":{\"@type\":\"ImageObject\",\"inLanguage\":\"fr-FR\",\"@id\":\"https:\\\/\\\/organicoils.it\\\/fr\\\/#\\\/schema\\\/logo\\\/image\\\/\",\"url\":\"https:\\\/\\\/organicoils.it\\\/wp-content\\\/uploads\\\/2026\\\/02\\\/organic-oils-logo-payoff-e1772445341387.png\",\"contentUrl\":\"https:\\\/\\\/organicoils.it\\\/wp-content\\\/uploads\\\/2026\\\/02\\\/organic-oils-logo-payoff-e1772445341387.png\",\"width\":367,\"height\":214,\"caption\":\"Organic Oils\"},\"image\":{\"@id\":\"https:\\\/\\\/organicoils.it\\\/fr\\\/#\\\/schema\\\/logo\\\/image\\\/\"},\"sameAs\":[\"https:\\\/\\\/www.facebook.com\\\/p\\\/Organic-Oils-Italia-Srl-100063749853874\\\/\",\"https:\\\/\\\/www.instagram.com\\\/organic_oils_italia\\\/\"]}]}<\/script>\n<!-- \/ Yoast SEO plugin. -->","yoast_head_json":{"title":"Fili\u00e8re int\u00e9gr\u00e9e : production d\u2019huiles 100 % biologiques | Organic Oils","description":"Nous g\u00e9rons en interne chaque \u00e9tape de la production d\u2019huiles 100 % biologiques : pression \u00e0 froid, filtration m\u00e9canique, d\u00e9cantation naturelle et conditionnement.","robots":{"index":"index","follow":"follow","max-snippet":"max-snippet:-1","max-image-preview":"max-image-preview:large","max-video-preview":"max-video-preview:-1"},"canonical":"https:\/\/organicoils.it\/fr\/production\/","og_locale":"fr_FR","og_type":"article","og_title":"Fili\u00e8re int\u00e9gr\u00e9e : production d\u2019huiles 100 % biologiques | Organic Oils","og_description":"Nous g\u00e9rons en interne chaque \u00e9tape de la production d\u2019huiles 100 % biologiques : pression \u00e0 froid, filtration m\u00e9canique, d\u00e9cantation naturelle et conditionnement.","og_url":"https:\/\/organicoils.it\/fr\/production\/","og_site_name":"Organic Oils","article_publisher":"https:\/\/www.facebook.com\/p\/Organic-Oils-Italia-Srl-100063749853874\/","article_modified_time":"2026-04-27T10:31:57+00:00","og_image":[{"width":2000,"height":1331,"url":"https:\/\/organicoils.it\/wp-content\/uploads\/2026\/04\/PO0162.jpg","type":"image\/jpeg"}],"twitter_card":"summary_large_image","twitter_misc":{"Dur\u00e9e de lecture estim\u00e9e":"5 minutes"},"schema":{"@context":"https:\/\/schema.org","@graph":[{"@type":"WebPage","@id":"https:\/\/organicoils.it\/fr\/production\/","url":"https:\/\/organicoils.it\/fr\/production\/","name":"Fili\u00e8re int\u00e9gr\u00e9e : production d\u2019huiles 100 % biologiques | Organic Oils","isPartOf":{"@id":"https:\/\/organicoils.it\/fr\/#website"},"primaryImageOfPage":{"@id":"https:\/\/organicoils.it\/fr\/production\/#primaryimage"},"image":{"@id":"https:\/\/organicoils.it\/fr\/production\/#primaryimage"},"thumbnailUrl":"https:\/\/organicoils.it\/wp-content\/uploads\/2026\/04\/PO0162.jpg","datePublished":"2026-04-09T10:21:31+00:00","dateModified":"2026-04-27T10:31:57+00:00","description":"Nous g\u00e9rons en interne chaque \u00e9tape de la production d\u2019huiles 100 % biologiques : pression \u00e0 froid, filtration m\u00e9canique, d\u00e9cantation naturelle et conditionnement.","breadcrumb":{"@id":"https:\/\/organicoils.it\/fr\/production\/#breadcrumb"},"inLanguage":"fr-FR","potentialAction":[{"@type":"ReadAction","target":["https:\/\/organicoils.it\/fr\/production\/"]}]},{"@type":"ImageObject","inLanguage":"fr-FR","@id":"https:\/\/organicoils.it\/fr\/production\/#primaryimage","url":"https:\/\/organicoils.it\/wp-content\/uploads\/2026\/04\/PO0162.jpg","contentUrl":"https:\/\/organicoils.it\/wp-content\/uploads\/2026\/04\/PO0162.jpg","width":2000,"height":1331},{"@type":"BreadcrumbList","@id":"https:\/\/organicoils.it\/fr\/production\/#breadcrumb","itemListElement":[{"@type":"ListItem","position":1,"name":"Home","item":"https:\/\/organicoils.it\/fr\/"},{"@type":"ListItem","position":2,"name":"Production"}]},{"@type":"WebSite","@id":"https:\/\/organicoils.it\/fr\/#website","url":"https:\/\/organicoils.it\/fr\/","name":"Organic Oils","description":"Gli specialisti degli oli biologici in Italia","publisher":{"@id":"https:\/\/organicoils.it\/fr\/#organization"},"potentialAction":[{"@type":"SearchAction","target":{"@type":"EntryPoint","urlTemplate":"https:\/\/organicoils.it\/fr\/?s={search_term_string}"},"query-input":{"@type":"PropertyValueSpecification","valueRequired":true,"valueName":"search_term_string"}}],"inLanguage":"fr-FR"},{"@type":"Organization","@id":"https:\/\/organicoils.it\/fr\/#organization","name":"Organic Oils","url":"https:\/\/organicoils.it\/fr\/","logo":{"@type":"ImageObject","inLanguage":"fr-FR","@id":"https:\/\/organicoils.it\/fr\/#\/schema\/logo\/image\/","url":"https:\/\/organicoils.it\/wp-content\/uploads\/2026\/02\/organic-oils-logo-payoff-e1772445341387.png","contentUrl":"https:\/\/organicoils.it\/wp-content\/uploads\/2026\/02\/organic-oils-logo-payoff-e1772445341387.png","width":367,"height":214,"caption":"Organic Oils"},"image":{"@id":"https:\/\/organicoils.it\/fr\/#\/schema\/logo\/image\/"},"sameAs":["https:\/\/www.facebook.com\/p\/Organic-Oils-Italia-Srl-100063749853874\/","https:\/\/www.instagram.com\/organic_oils_italia\/"]}]}},"_links":{"self":[{"href":"https:\/\/organicoils.it\/fr\/wp-json\/wp\/v2\/pages\/2886","targetHints":{"allow":["GET"]}}],"collection":[{"href":"https:\/\/organicoils.it\/fr\/wp-json\/wp\/v2\/pages"}],"about":[{"href":"https:\/\/organicoils.it\/fr\/wp-json\/wp\/v2\/types\/page"}],"author":[{"embeddable":true,"href":"https:\/\/organicoils.it\/fr\/wp-json\/wp\/v2\/users\/3"}],"replies":[{"embeddable":true,"href":"https:\/\/organicoils.it\/fr\/wp-json\/wp\/v2\/comments?post=2886"}],"version-history":[{"count":5,"href":"https:\/\/organicoils.it\/fr\/wp-json\/wp\/v2\/pages\/2886\/revisions"}],"predecessor-version":[{"id":3145,"href":"https:\/\/organicoils.it\/fr\/wp-json\/wp\/v2\/pages\/2886\/revisions\/3145"}],"wp:featuredmedia":[{"embeddable":true,"href":"https:\/\/organicoils.it\/fr\/wp-json\/wp\/v2\/media\/2752"}],"wp:attachment":[{"href":"https:\/\/organicoils.it\/fr\/wp-json\/wp\/v2\/media?parent=2886"}],"curies":[{"name":"wp","href":"https:\/\/api.w.org\/{rel}","templated":true}]}}