{"id":2881,"date":"2026-02-23T14:25:36","date_gmt":"2026-02-23T12:25:36","guid":{"rendered":"https:\/\/organicoils.it\/politique-de-confidentialite\/"},"modified":"2026-04-23T11:19:17","modified_gmt":"2026-04-23T09:19:17","slug":"politique-de-confidentialite","status":"publish","type":"page","link":"https:\/\/organicoils.it\/fr\/politique-de-confidentialite\/","title":{"rendered":"Politique de confidentialit\u00e9"},"content":{"rendered":"<section class=\"l-section wpb_row height_medium\"><div class=\"l-section-h i-cf\"><div class=\"g-cols vc_row via_grid cols_1 laptops-cols_inherit tablets-cols_inherit mobiles-cols_1 valign_top type_default stacking_default\"><div class=\"wpb_column vc_column_container\"><div class=\"vc_column-inner\"><div class=\"wpb_text_column\"><div class=\"wpb_wrapper\"><h1 class=\"title\"><a href=\"https:\/\/organicoils.it\/privacy-policy\/#privacy-policy\">Politique de confidentialit\u00e9<\/a> &amp; <a href=\"https:\/\/organicoils.it\/privacy-policy\/#cookie\">Politique relative aux cookies<\/a><\/h1>\n<\/div><\/div><div class=\"wpb_text_column\" id=\"privacy-policy\"><div class=\"wpb_wrapper\"><div id=\"Header_wrapper\" class=\"\">\n<div id=\"Subheader\">\n<div class=\"container\">\n<div class=\"column one\">\n<h1 class=\"title\"><\/h1>\n<\/div>\n<\/div>\n<\/div>\n<\/div>\n<div id=\"Content\" role=\"main\">\n<div class=\"content_wrapper clearfix\">\n<div class=\"entry-content\">\n<div class=\"mfn-builder-content mfn-default-content-buider\" data-id=\"98\">\n<section class=\"section mcb-section mfn-default-section mcb-section-gj7m6tdui\">\n<div class=\"section_wrapper mfn-wrapper-for-wraps mcb-section-inner mcb-section-inner-gj7m6tdui\">\n<div class=\"wrap mcb-wrap mcb-wrap-jco328j10 one tablet-one laptop-one mobile-one valign-top clearfix\" data-desktop-col=\"one\" data-laptop-col=\"laptop-one\" data-tablet-col=\"tablet-one\" data-mobile-col=\"mobile-one\">\n<div class=\"mcb-wrap-inner mcb-wrap-inner-jco328j10 mfn-module-wrapper mfn-wrapper-for-wraps\">\n<div class=\"column mcb-column mcb-item-6zjk4abmh one laptop-one tablet-one mobile-one column_column\">\n<div class=\"mcb-column-inner mfn-module-wrapper mcb-column-inner-6zjk4abmh mcb-item-column-inner\">\n<p class=\"column_attr mfn-inline-editor clearfix\">Traitement des donn\u00e9es personnelles effectu\u00e9 dans le cadre de la navigation sur le site internet https:\/\/www.organicoils.it.<\/p>\n<h4 class=\"column_attr mfn-inline-editor clearfix\">1. Responsable du traitement<\/h4>\n<div class=\"column_attr mfn-inline-editor clearfix\">\n<p>Vos donn\u00e9es personnelles seront trait\u00e9es par : <span>ORGANIC OILS ITALIA S.R.L.<\/span>, dont le si\u00e8ge social est situ\u00e9 VIALE DELL&rsquo;INDUSTRIA 1, 37030 RONCA&rsquo; (VR) et ayant pour <span>N\u00b0 TVA IT03299640544 \u2013 Code fiscal 03299640544.<\/span><\/p>\n<p>Vous pouvez contacter les Responsables du Traitement par \u00e9crit \u00e0 l&rsquo;adresse info@organicoils.it ou en \u00e9crivant \u00e0 l&rsquo;adresse suivante : VIALE DELL&rsquo;INDUSTRIA 1, 37030 RONCA&rsquo; (VR).<\/p>\n<\/div>\n<h4 class=\"column_attr mfn-inline-editor clearfix\">2. Finalit\u00e9s du traitement<\/h4>\n<div class=\"column_attr mfn-inline-editor clearfix\">https:\/\/www.organicoils.it utilisera les donn\u00e9es collect\u00e9es via le site web exclusivement pour les finalit\u00e9s suivantes :<\/div>\n<ul>\n<li class=\"column_attr mfn-inline-editor clearfix\">a. Inscription au site<br \/>\nVous pouvez d\u00e9cider de vous inscrire au site web en cr\u00e9ant un compte prot\u00e9g\u00e9 par mot de passe avec vos donn\u00e9es personnelles. En vous inscrivant au site, avec votre consentement, https:\/\/www.organicoils.it traitera vos donn\u00e9es afin que vous puissiez b\u00e9n\u00e9ficier de certains services tels que, entre autres, consulter les donn\u00e9es des commandes en cours et celles r\u00e9cemment trait\u00e9es ou retourn\u00e9es. En vous inscrivant, vous pouvez \u00e9galement g\u00e9rer les consentements accord\u00e9s pour l&rsquo;inscription \u00e0 la newsletter et le profilage.   <\/li>\n<li class=\"column_attr mfn-inline-editor clearfix\">b. Finalit\u00e9s li\u00e9es \u00e0 la gestion de la relation contractuelle<br \/>\nSi vous achetez des produits sur notre site web, certaines donn\u00e9es personnelles courantes vous seront demand\u00e9es (nom, pr\u00e9nom, adresse, e-mail, donn\u00e9es relatives au moyen de paiement), pour l&rsquo;ex\u00e9cution de la commande d&rsquo;achat. https:\/\/www.organicoils.it collecte et traite vos donn\u00e9es pour l&rsquo;ex\u00e9cution compl\u00e8te de l&rsquo;achat, y compris les proc\u00e9dures de garantie ult\u00e9rieures et les services d&rsquo;administration technique et commerciale, ainsi que pour pr\u00e9venir les infractions et les fraudes. Vos donn\u00e9es personnelles ne sont transmises \u00e0 des tiers que dans la mesure o\u00f9 cela est autoris\u00e9 par la loi, y compris aux fins de l&rsquo;ex\u00e9cution du contrat ou de la facturation. Dans le cadre du traitement de la commande, par exemple, les prestataires de services que nous mandatons (par exemple : transporteur, entreprise logistique, banques) re\u00e7oivent les donn\u00e9es n\u00e9cessaires au traitement de la commande et de la mission. Les prestataires de services que nous mandatons ne peuvent utiliser les donn\u00e9es ainsi transmises qu&rsquo;aux fins de l&rsquo;accomplissement de leur mission.     <\/li>\n<li class=\"column_attr mfn-inline-editor clearfix\">c. Finalit\u00e9s li\u00e9es aux activit\u00e9s de marketing<br \/>\nAvec votre consentement sp\u00e9cifique, les donn\u00e9es personnelles fournies dans les pages d&rsquo;inscription au service de newsletter et d&rsquo;inscription au site seront utilis\u00e9es pour les finalit\u00e9s suivantes : collecte, enregistrement et traitement des donn\u00e9es d&rsquo;achat, envoi de mat\u00e9riel publicitaire\/informatif\/promotionnel, op\u00e9rations promotionnelles et offres de https:\/\/www.organicoils.it. <\/li>\n<li class=\"column_attr mfn-inline-editor clearfix\">d. Finalit\u00e9s li\u00e9es au service client<br \/>\nSi vous souhaitez demander des informations via la section \u00ab contactez-nous \u00bb du site web, que ce soit par \u00e9crit ou en appelant le num\u00e9ro de t\u00e9l\u00e9phone indiqu\u00e9, certaines donn\u00e9es personnelles vous seront demand\u00e9es pour la gestion de la demande, dont certaines (nom, pr\u00e9nom et adresse e-mail) sont obligatoires. Le consentement au traitement de ces donn\u00e9es nous permettra de traiter vos demandes. Aucune autre utilisation des donn\u00e9es ne sera effectu\u00e9e si ce n&rsquo;est pour la gestion de la demande transmise.   <\/li>\n<\/ul>\n<\/div>\n<\/div>\n<\/div>\n<\/div>\n<\/div>\n<\/section>\n<\/div>\n<\/div>\n<\/div>\n<\/div>\n<\/div><\/div><div class=\"wpb_text_column\"><div class=\"wpb_wrapper\"><div class=\"entry-content\">\n<div class=\"mfn-builder-content mfn-default-content-buider\" data-id=\"98\">\n<section class=\"section mcb-section mfn-default-section mcb-section-gj7m6tdui\">\n<div class=\"section_wrapper mfn-wrapper-for-wraps mcb-section-inner mcb-section-inner-gj7m6tdui\">\n<div class=\"wrap mcb-wrap mcb-wrap-jco328j10 one tablet-one laptop-one mobile-one valign-top clearfix\" data-desktop-col=\"one\" data-laptop-col=\"laptop-one\" data-tablet-col=\"tablet-one\" data-mobile-col=\"mobile-one\">\n<div class=\"mcb-wrap-inner mcb-wrap-inner-jco328j10 mfn-module-wrapper mfn-wrapper-for-wraps\">\n<div class=\"column mcb-column mcb-item-6zjk4abmh one laptop-one tablet-one mobile-one column_column\">\n<div class=\"mcb-column-inner mfn-module-wrapper mcb-column-inner-6zjk4abmh mcb-item-column-inner\">\n<h4><\/h4>\n<h4 class=\"column_attr mfn-inline-editor clearfix\">3. Modalit\u00e9s d&rsquo;utilisation<\/h4>\n<div><\/div>\n<div class=\"column_attr mfn-inline-editor clearfix\">\n<p>https:\/\/www.organicoils.it a pour objectif la protection de vos donn\u00e9es personnelles et fonde leur traitement sur les principes de correction, de lic\u00e9it\u00e9 et de transparence. Nous vous informons, par cons\u00e9quent, que vos donn\u00e9es personnelles seront trait\u00e9es, par l&rsquo;utilisation d&rsquo;outils et de proc\u00e9dures appropri\u00e9s pour garantir la s\u00e9curit\u00e9 et la confidentialit\u00e9, au moyen d&rsquo;outils informatiques et t\u00e9l\u00e9matiques ainsi que de supports et d&rsquo;archives papier. <\/p>\n<\/div>\n<div><\/div>\n<h4 class=\"column_attr mfn-inline-editor clearfix\">4. Dur\u00e9es de conservation<\/h4>\n<div><\/div>\n<div class=\"column_attr mfn-inline-editor clearfix\">https:\/\/www.organicoils.it conservera vos donn\u00e9es personnelles pendant des p\u00e9riodes diff\u00e9rentes, selon les finalit\u00e9s pour lesquelles elles ont \u00e9t\u00e9 collect\u00e9es :<br \/>\n&#8211; si vous disposez d&rsquo;un compte, nous conserverons vos donn\u00e9es personnelles tant que le compte restera actif ;<br \/>\n&#8211; si vous vous \u00eates inscrit au service de newsletter, nous conserverons vos donn\u00e9es jusqu&rsquo;\u00e0 ce que vous nous ayez communiqu\u00e9 votre intention d&rsquo;annuler votre abonnement au service.<\/div>\n<\/div>\n<\/div>\n<\/div>\n<\/div>\n<\/div>\n<\/section>\n<\/div>\n<\/div>\n<\/div><\/div><div class=\"wpb_text_column\"><div class=\"wpb_wrapper\"><div class=\"entry-content\">\n<div class=\"mfn-builder-content mfn-default-content-buider\" data-id=\"98\">\n<section class=\"section mcb-section mfn-default-section mcb-section-gj7m6tdui\">\n<div class=\"section_wrapper mfn-wrapper-for-wraps mcb-section-inner mcb-section-inner-gj7m6tdui\">\n<div class=\"wrap mcb-wrap mcb-wrap-jco328j10 one tablet-one laptop-one mobile-one valign-top clearfix\" data-desktop-col=\"one\" data-laptop-col=\"laptop-one\" data-tablet-col=\"tablet-one\" data-mobile-col=\"mobile-one\">\n<div class=\"mcb-wrap-inner mcb-wrap-inner-jco328j10 mfn-module-wrapper mfn-wrapper-for-wraps\">\n<div class=\"column mcb-column mcb-item-6zjk4abmh one laptop-one tablet-one mobile-one column_column\">\n<div class=\"mcb-column-inner mfn-module-wrapper mcb-column-inner-6zjk4abmh mcb-item-column-inner\">\n<h4 class=\"column_attr mfn-inline-editor clearfix\">5. Droits de la personne concern\u00e9e<\/h4>\n<div><\/div>\n<div class=\"column_attr mfn-inline-editor clearfix\">Nous vous informons que vous avez le droit de demander \u00e0 https:\/\/www.organicoils.it d&rsquo;acc\u00e9der \u00e0 vos donn\u00e9es personnelles et de les rectifier si elles sont inexactes, de les supprimer ou d&rsquo;en limiter le traitement si les conditions sont r\u00e9unies, ou de vous opposer \u00e0 leur traitement pour des int\u00e9r\u00eats l\u00e9gitimes poursuivis par notre Soci\u00e9t\u00e9, ainsi que d&rsquo;obtenir la portabilit\u00e9 des donn\u00e9es fournies, uniquement si elles font l&rsquo;objet d&rsquo;un traitement automatis\u00e9 bas\u00e9 sur votre consentement ou sur le contrat.<br \/>\nVous avez \u00e9galement le droit de r\u00e9voquer le consentement donn\u00e9 pour les finalit\u00e9s de traitement qui le requi\u00e8rent, sans pr\u00e9judice de la lic\u00e9it\u00e9 du traitement effectu\u00e9 jusqu&rsquo;au moment de la r\u00e9vocation.<br \/>\nNous vous informons que vous pouvez exercer vos droits en contactant le Responsable aux coordonn\u00e9es indiqu\u00e9es au point 1. Nous vous rappelons \u00e9galement que vous avez le droit de d\u00e9poser une r\u00e9clamation aupr\u00e8s de l&rsquo;Autorit\u00e9 de protection des donn\u00e9es personnelles.  <\/div>\n<\/div>\n<\/div>\n<\/div>\n<\/div>\n<\/div>\n<\/section>\n<\/div>\n<\/div>\n<\/div><\/div><\/div><\/div><\/div><\/div><\/section><section class=\"l-section wpb_row height_medium\"><div class=\"l-section-h i-cf\"><div class=\"g-cols vc_row via_grid cols_1 laptops-cols_inherit tablets-cols_inherit mobiles-cols_1 valign_top type_default stacking_default\"><div class=\"wpb_column vc_column_container\"><div class=\"vc_column-inner\"><div class=\"wpb_text_column\" id=\"cookie\"><div class=\"wpb_wrapper\"><div id=\"Header_wrapper\" class=\"\">\n<div id=\"Subheader\">\n<div class=\"container\">\n<div class=\"column one\">\n<h1 class=\"title\">Politique relative aux cookies<\/h1>\n<\/div>\n<\/div>\n<\/div>\n<\/div>\n<div id=\"Content\" role=\"main\">\n<div class=\"content_wrapper clearfix\">\n<p>&nbsp;<\/p>\n<div class=\"entry-content\">\n<div class=\"mfn-builder-content mfn-default-content-buider\" data-id=\"673\">\n<section class=\"section mcb-section mfn-default-section mcb-section-gj7m6tdui\">\n<div class=\"mcb-background-overlay\"><\/div>\n<div class=\"section_wrapper mfn-wrapper-for-wraps mcb-section-inner mcb-section-inner-gj7m6tdui\">\n<div class=\"wrap mcb-wrap mcb-wrap-jco328j10 one tablet-one laptop-one mobile-one valign-top clearfix\" data-desktop-col=\"one\" data-laptop-col=\"laptop-one\" data-tablet-col=\"tablet-one\" data-mobile-col=\"mobile-one\">\n<div class=\"mcb-wrap-inner mcb-wrap-inner-jco328j10 mfn-module-wrapper mfn-wrapper-for-wraps\">\n<div class=\"mcb-wrap-background-overlay\"><\/div>\n<div class=\"column mcb-column mcb-item-6zjk4abmh one laptop-one tablet-one mobile-one column_column\">\n<div class=\"mcb-column-inner mfn-module-wrapper mcb-column-inner-6zjk4abmh mcb-item-column-inner\">\n<div class=\"column_attr mfn-inline-editor clearfix\">Politique relative aux cookies<br \/>\nLes cookies permettent davantage de fonctionnalit\u00e9s en ligne et d&rsquo;am\u00e9liorer l&rsquo;exp\u00e9rience de navigation et d&rsquo;utilisation des sites web ; de plus, ils indiquent quelles parties des sites sont visit\u00e9es, aident \u00e0 \u00e9valuer l&rsquo;efficacit\u00e9 de la publicit\u00e9 et des recherches web et permettent d&rsquo;analyser le comportement des utilisateurs, afin d&rsquo;am\u00e9liorer les communications et les produits.<br \/>\nIl est possible de d\u00e9sactiver les cookies dans votre navigateur (la proc\u00e9dure peut \u00eatre diff\u00e9rente selon le fabricant\/mod\u00e8le de navigateur) : vous devrez acc\u00e9der aux pr\u00e9f\u00e9rences\/param\u00e8tres et, depuis le panneau Confidentialit\u00e9, choisir l&rsquo;option pour bloquer\/configurer les cookies. Sur les appareils mobiles \u00e9galement, il est possible de g\u00e9rer les param\u00e8tres de son navigateur.<br \/>\n\u00c9tant donn\u00e9 que ce site web utilise des cookies, les d\u00e9sactiver pourrait emp\u00eacher l&rsquo;utilisation de certaines fonctions et\/ou sections de celui-ci.<br \/>\nLes cookies utilis\u00e9s par ce site sont divis\u00e9s en trois cat\u00e9gories.<br \/>\n1. Cookies techniques essentiels &#8211; Ces cookies sont n\u00e9cessaires au bon fonctionnement du site. Ils permettent la navigation des pages, le partage des contenus, pour les \u00e9ventuelles zones de connexion, la m\u00e9morisation des identifiants de connexion pour rendre l&rsquo;acc\u00e8s au site plus rapide et pour maintenir actives les pr\u00e9f\u00e9rences et identifiants pendant la navigation. Sans ces cookies, les services pour lesquels les utilisateurs acc\u00e8dent au site ne pourraient pas \u00eatre fournis.<br \/>\n2. Cookies statistiques et de performance &#8211; Ces cookies permettent de savoir de quelle mani\u00e8re les visiteurs utilisent le site, afin d&rsquo;en \u00e9valuer et d&rsquo;en am\u00e9liorer le fonctionnement et de privil\u00e9gier la production de contenus qui r\u00e9pondent mieux aux besoins informatifs des utilisateurs. Par exemple, ils permettent de savoir quelles sont les pages les plus et les moins fr\u00e9quent\u00e9es. Ils tiennent compte, entre autres, du nombre de visiteurs, du temps pass\u00e9 sur le site par la moyenne des utilisateurs et des modalit\u00e9s d&rsquo;arriv\u00e9e de ceux-ci. De cette mani\u00e8re, nous pouvons savoir ce qui fonctionne bien et ce qu&rsquo;il faut am\u00e9liorer, en plus de nous assurer que les pages se chargent rapidement et s&rsquo;affichent correctement. Toutes les informations collect\u00e9es par ces cookies sont anonymes et non li\u00e9es aux donn\u00e9es personnelles de l&rsquo;utilisateur.<br \/>\n3. Cookies fonctionnels et de profilage de tiers &#8211; Les cookies provenant de tiers permettent d&rsquo;offrir des fonctionnalit\u00e9s avanc\u00e9es. Cela inclut la possibilit\u00e9 de partager des contenus via les r\u00e9seaux sociaux et\/ou avec des sites orient\u00e9s vers les contenus multim\u00e9dias (par exemple YouTube). Les cookies enregistr\u00e9s par les principaux r\u00e9seaux sociaux et\/ou par d&rsquo;autres plateformes web permettent, sur ce site, de partager des contenus et des liens (ces cookies sont r\u00e9gis par les plateformes propri\u00e9taires).         <\/div>\n<\/div>\n<\/div>\n<\/div>\n<\/div>\n<\/div>\n<\/section>\n<\/div>\n<\/div>\n<p>&nbsp;<\/p>\n<\/div>\n<\/div>\n<\/div><\/div><\/div><\/div><\/div><\/div><\/section>\n","protected":false},"excerpt":{"rendered":"Politique de confidentialit\u00e9 &amp; Politique relative aux cookies Traitement des donn\u00e9es personnelles effectu\u00e9 dans le cadre de la navigation sur le site internet https:\/\/www.organicoils.it. 1. Responsable du traitement Vos donn\u00e9es personnelles seront trait\u00e9es par : ORGANIC OILS ITALIA S.R.L., dont le si\u00e8ge social est situ\u00e9 VIALE DELL&rsquo;INDUSTRIA 1, 37030 RONCA&rsquo; (VR) et ayant pour N\u00b0...","protected":false},"author":1,"featured_media":0,"parent":0,"menu_order":0,"comment_status":"closed","ping_status":"closed","template":"","meta":{"_acf_changed":false,"footnotes":""},"class_list":["post-2881","page","type-page","status-publish","hentry"],"acf":[],"yoast_head":"<!-- This site is optimized with the Yoast SEO plugin v27.4 - https:\/\/yoast.com\/product\/yoast-seo-wordpress\/ -->\n<title>Politique de confidentialit\u00e9 | Organic Oils<\/title>\n<meta name=\"robots\" content=\"noindex, nofollow\" \/>\n<meta property=\"og:locale\" content=\"fr_FR\" \/>\n<meta property=\"og:type\" content=\"article\" \/>\n<meta property=\"og:title\" content=\"Politique de confidentialit\u00e9 | Organic Oils\" \/>\n<meta property=\"og:url\" content=\"https:\/\/organicoils.it\/fr\/politique-de-confidentialite\/\" \/>\n<meta property=\"og:site_name\" content=\"Organic Oils\" \/>\n<meta property=\"article:publisher\" content=\"https:\/\/www.facebook.com\/p\/Organic-Oils-Italia-Srl-100063749853874\/\" \/>\n<meta property=\"article:modified_time\" content=\"2026-04-23T09:19:17+00:00\" \/>\n<meta property=\"og:image\" content=\"https:\/\/organicoils.it\/wp-content\/uploads\/2026\/02\/organic-oils-logo-payoff-e1772445341387.png\" \/>\n\t<meta property=\"og:image:width\" content=\"367\" \/>\n\t<meta property=\"og:image:height\" content=\"214\" \/>\n\t<meta property=\"og:image:type\" content=\"image\/png\" \/>\n<meta name=\"twitter:card\" content=\"summary_large_image\" \/>\n<meta name=\"twitter:label1\" content=\"Dur\u00e9e de lecture estim\u00e9e\" \/>\n\t<meta name=\"twitter:data1\" content=\"7 minutes\" \/>\n<script type=\"application\/ld+json\" class=\"yoast-schema-graph\">{\"@context\":\"https:\\\/\\\/schema.org\",\"@graph\":[{\"@type\":\"WebPage\",\"@id\":\"https:\\\/\\\/organicoils.it\\\/fr\\\/politique-de-confidentialite\\\/\",\"url\":\"https:\\\/\\\/organicoils.it\\\/fr\\\/politique-de-confidentialite\\\/\",\"name\":\"Politique de confidentialit\u00e9 | Organic Oils\",\"isPartOf\":{\"@id\":\"https:\\\/\\\/organicoils.it\\\/fr\\\/#website\"},\"datePublished\":\"2026-02-23T12:25:36+00:00\",\"dateModified\":\"2026-04-23T09:19:17+00:00\",\"breadcrumb\":{\"@id\":\"https:\\\/\\\/organicoils.it\\\/fr\\\/politique-de-confidentialite\\\/#breadcrumb\"},\"inLanguage\":\"fr-FR\",\"potentialAction\":[{\"@type\":\"ReadAction\",\"target\":[\"https:\\\/\\\/organicoils.it\\\/fr\\\/politique-de-confidentialite\\\/\"]}]},{\"@type\":\"BreadcrumbList\",\"@id\":\"https:\\\/\\\/organicoils.it\\\/fr\\\/politique-de-confidentialite\\\/#breadcrumb\",\"itemListElement\":[{\"@type\":\"ListItem\",\"position\":1,\"name\":\"Home\",\"item\":\"https:\\\/\\\/organicoils.it\\\/fr\\\/\"},{\"@type\":\"ListItem\",\"position\":2,\"name\":\"Politique de confidentialit\u00e9\"}]},{\"@type\":\"WebSite\",\"@id\":\"https:\\\/\\\/organicoils.it\\\/fr\\\/#website\",\"url\":\"https:\\\/\\\/organicoils.it\\\/fr\\\/\",\"name\":\"Organic Oils\",\"description\":\"Gli specialisti degli oli biologici in Italia\",\"publisher\":{\"@id\":\"https:\\\/\\\/organicoils.it\\\/fr\\\/#organization\"},\"potentialAction\":[{\"@type\":\"SearchAction\",\"target\":{\"@type\":\"EntryPoint\",\"urlTemplate\":\"https:\\\/\\\/organicoils.it\\\/fr\\\/?s={search_term_string}\"},\"query-input\":{\"@type\":\"PropertyValueSpecification\",\"valueRequired\":true,\"valueName\":\"search_term_string\"}}],\"inLanguage\":\"fr-FR\"},{\"@type\":\"Organization\",\"@id\":\"https:\\\/\\\/organicoils.it\\\/fr\\\/#organization\",\"name\":\"Organic Oils\",\"url\":\"https:\\\/\\\/organicoils.it\\\/fr\\\/\",\"logo\":{\"@type\":\"ImageObject\",\"inLanguage\":\"fr-FR\",\"@id\":\"https:\\\/\\\/organicoils.it\\\/fr\\\/#\\\/schema\\\/logo\\\/image\\\/\",\"url\":\"https:\\\/\\\/organicoils.it\\\/wp-content\\\/uploads\\\/2026\\\/02\\\/organic-oils-logo-payoff-e1772445341387.png\",\"contentUrl\":\"https:\\\/\\\/organicoils.it\\\/wp-content\\\/uploads\\\/2026\\\/02\\\/organic-oils-logo-payoff-e1772445341387.png\",\"width\":367,\"height\":214,\"caption\":\"Organic Oils\"},\"image\":{\"@id\":\"https:\\\/\\\/organicoils.it\\\/fr\\\/#\\\/schema\\\/logo\\\/image\\\/\"},\"sameAs\":[\"https:\\\/\\\/www.facebook.com\\\/p\\\/Organic-Oils-Italia-Srl-100063749853874\\\/\",\"https:\\\/\\\/www.instagram.com\\\/organic_oils_italia\\\/\"]}]}<\/script>\n<!-- \/ Yoast SEO plugin. -->","yoast_head_json":{"title":"Politique de confidentialit\u00e9 | Organic Oils","robots":{"index":"noindex","follow":"nofollow"},"og_locale":"fr_FR","og_type":"article","og_title":"Politique de confidentialit\u00e9 | Organic Oils","og_url":"https:\/\/organicoils.it\/fr\/politique-de-confidentialite\/","og_site_name":"Organic Oils","article_publisher":"https:\/\/www.facebook.com\/p\/Organic-Oils-Italia-Srl-100063749853874\/","article_modified_time":"2026-04-23T09:19:17+00:00","og_image":[{"width":367,"height":214,"url":"https:\/\/organicoils.it\/wp-content\/uploads\/2026\/02\/organic-oils-logo-payoff-e1772445341387.png","type":"image\/png"}],"twitter_card":"summary_large_image","twitter_misc":{"Dur\u00e9e de lecture estim\u00e9e":"7 minutes"},"schema":{"@context":"https:\/\/schema.org","@graph":[{"@type":"WebPage","@id":"https:\/\/organicoils.it\/fr\/politique-de-confidentialite\/","url":"https:\/\/organicoils.it\/fr\/politique-de-confidentialite\/","name":"Politique de confidentialit\u00e9 | Organic Oils","isPartOf":{"@id":"https:\/\/organicoils.it\/fr\/#website"},"datePublished":"2026-02-23T12:25:36+00:00","dateModified":"2026-04-23T09:19:17+00:00","breadcrumb":{"@id":"https:\/\/organicoils.it\/fr\/politique-de-confidentialite\/#breadcrumb"},"inLanguage":"fr-FR","potentialAction":[{"@type":"ReadAction","target":["https:\/\/organicoils.it\/fr\/politique-de-confidentialite\/"]}]},{"@type":"BreadcrumbList","@id":"https:\/\/organicoils.it\/fr\/politique-de-confidentialite\/#breadcrumb","itemListElement":[{"@type":"ListItem","position":1,"name":"Home","item":"https:\/\/organicoils.it\/fr\/"},{"@type":"ListItem","position":2,"name":"Politique de confidentialit\u00e9"}]},{"@type":"WebSite","@id":"https:\/\/organicoils.it\/fr\/#website","url":"https:\/\/organicoils.it\/fr\/","name":"Organic Oils","description":"Gli specialisti degli oli biologici in Italia","publisher":{"@id":"https:\/\/organicoils.it\/fr\/#organization"},"potentialAction":[{"@type":"SearchAction","target":{"@type":"EntryPoint","urlTemplate":"https:\/\/organicoils.it\/fr\/?s={search_term_string}"},"query-input":{"@type":"PropertyValueSpecification","valueRequired":true,"valueName":"search_term_string"}}],"inLanguage":"fr-FR"},{"@type":"Organization","@id":"https:\/\/organicoils.it\/fr\/#organization","name":"Organic Oils","url":"https:\/\/organicoils.it\/fr\/","logo":{"@type":"ImageObject","inLanguage":"fr-FR","@id":"https:\/\/organicoils.it\/fr\/#\/schema\/logo\/image\/","url":"https:\/\/organicoils.it\/wp-content\/uploads\/2026\/02\/organic-oils-logo-payoff-e1772445341387.png","contentUrl":"https:\/\/organicoils.it\/wp-content\/uploads\/2026\/02\/organic-oils-logo-payoff-e1772445341387.png","width":367,"height":214,"caption":"Organic Oils"},"image":{"@id":"https:\/\/organicoils.it\/fr\/#\/schema\/logo\/image\/"},"sameAs":["https:\/\/www.facebook.com\/p\/Organic-Oils-Italia-Srl-100063749853874\/","https:\/\/www.instagram.com\/organic_oils_italia\/"]}]}},"_links":{"self":[{"href":"https:\/\/organicoils.it\/fr\/wp-json\/wp\/v2\/pages\/2881","targetHints":{"allow":["GET"]}}],"collection":[{"href":"https:\/\/organicoils.it\/fr\/wp-json\/wp\/v2\/pages"}],"about":[{"href":"https:\/\/organicoils.it\/fr\/wp-json\/wp\/v2\/types\/page"}],"author":[{"embeddable":true,"href":"https:\/\/organicoils.it\/fr\/wp-json\/wp\/v2\/users\/1"}],"replies":[{"embeddable":true,"href":"https:\/\/organicoils.it\/fr\/wp-json\/wp\/v2\/comments?post=2881"}],"version-history":[{"count":3,"href":"https:\/\/organicoils.it\/fr\/wp-json\/wp\/v2\/pages\/2881\/revisions"}],"predecessor-version":[{"id":2884,"href":"https:\/\/organicoils.it\/fr\/wp-json\/wp\/v2\/pages\/2881\/revisions\/2884"}],"wp:attachment":[{"href":"https:\/\/organicoils.it\/fr\/wp-json\/wp\/v2\/media?parent=2881"}],"curies":[{"name":"wp","href":"https:\/\/api.w.org\/{rel}","templated":true}]}}