{"id":2874,"date":"2026-02-27T15:41:43","date_gmt":"2026-02-27T13:41:43","guid":{"rendered":"https:\/\/organicoils.it\/contacts\/"},"modified":"2026-04-27T13:25:13","modified_gmt":"2026-04-27T11:25:13","slug":"contacts","status":"publish","type":"page","link":"https:\/\/organicoils.it\/fr\/contacts\/","title":{"rendered":"Contacts"},"content":{"rendered":"<section class=\"l-section wpb_row height_medium color_footer-bottom\"><div class=\"l-section-h i-cf\"><div class=\"g-cols vc_row via_grid cols_2 laptops-cols_inherit tablets-cols_1 mobiles-cols_1 valign_top type_default stacking_default\"><div class=\"wpb_column vc_column_container\"><div class=\"vc_column-inner\"><div class=\"w-separator size_small\"><\/div><div class=\"w-iconbox iconpos_left style_default color_primary align_left\"><a target=\"_blank\" href=\"https:\/\/maps.app.goo.gl\/ZckBycbe6sSHLPsN6\" class=\"w-iconbox-link\" aria-label=\"Notre si\u00e8ge\"><div class=\"w-iconbox-icon\" style=\"font-size:1.6rem;\"><i class=\"fas fa-location-arrow\"><\/i><\/div><\/a><div class=\"w-iconbox-meta\"><h5 class=\"w-iconbox-title\"><a target=\"_blank\" href=\"https:\/\/maps.app.goo.gl\/ZckBycbe6sSHLPsN6\" class=\"w-iconbox-link\" aria-label=\"Notre si\u00e8ge\">Notre si\u00e8ge<\/a><\/h5><div class=\"w-iconbox-text\"><p><a href=\"https:\/\/maps.app.goo.gl\/ZckBycbe6sSHLPsN6\" target=\"_blank\" rel=\"noopener\">Viale dell\u2019Industria, 1 37030 Ronc\u00e0 (VR) Italie<\/a><\/p>\n<\/div><\/div><\/div><div class=\"w-separator size_small\"><\/div><div class=\"w-iconbox iconpos_left style_default color_primary align_left\"><a target=\"_blank\" href=\"tel:T\u00e9l\u00e9phone\" class=\"w-iconbox-link\" aria-label=\"T\u00e9l\u00e9phone\"><div class=\"w-iconbox-icon\" style=\"font-size:1.6rem;\"><i class=\"fas fa-phone\"><\/i><\/div><\/a><div class=\"w-iconbox-meta\"><h5 class=\"w-iconbox-title\"><a target=\"_blank\" href=\"tel:T\u00e9l\u00e9phone\" class=\"w-iconbox-link\" aria-label=\"T\u00e9l\u00e9phone\">T\u00e9l\u00e9phone<\/a><\/h5><div class=\"w-iconbox-text\"><div class=\"g-cols wpb_row via_grid cols_1 laptops-cols_inherit tablets-cols_inherit mobiles-cols_1 valign_middle type_default stacking_default\">\n<div class=\"wpb_column vc_column_container\">\n<div class=\"vc_column-inner\">\n<div class=\"w-hwrapper valign_top align_justify\">\n<div class=\"w-vwrapper align_none valign_top\">\n<div class=\"w-iconbox iconpos_left style_default color_primary align_left no_text\">\n<div class=\"w-iconbox-meta\"><a href=\"tel:003904511177169\" target=\"_blank\" rel=\"noopener\">+39 045 111 77169<\/a><\/div>\n<\/div>\n<\/div>\n<\/div>\n<\/div>\n<\/div>\n<\/div>\n<\/div><\/div><\/div><div class=\"w-separator size_small\"><\/div><div class=\"w-iconbox iconpos_left style_default color_primary align_left\"><a target=\"_blank\" href=\"mailto:info@organicoils.it\" class=\"w-iconbox-link\" aria-label=\"E-mail\"><div class=\"w-iconbox-icon\" style=\"font-size:1.6rem;\"><i class=\"fas fa-at\"><\/i><\/div><\/a><div class=\"w-iconbox-meta\"><h5 class=\"w-iconbox-title\"><a target=\"_blank\" href=\"mailto:info@organicoils.it\" class=\"w-iconbox-link\" aria-label=\"E-mail\">E-mail<\/a><\/h5><div class=\"w-iconbox-text\"><div class=\"g-cols wpb_row via_grid cols_1 laptops-cols_inherit tablets-cols_inherit mobiles-cols_1 valign_middle type_default stacking_default\">\n<div class=\"wpb_column vc_column_container\">\n<div class=\"vc_column-inner\">\n<div class=\"w-hwrapper valign_top align_justify\">\n<div class=\"w-vwrapper align_none valign_top\">\n<div class=\"w-iconbox iconpos_left style_default color_primary align_left no_text\">\n<div class=\"w-iconbox-meta\"><a href=\"mailto:info@organicoils.it\">info@organicoils.it<\/a><\/div>\n<\/div>\n<\/div>\n<\/div>\n<\/div>\n<\/div>\n<\/div>\n<\/div><\/div><\/div><\/div><\/div><div class=\"wpb_column vc_column_container\"><div class=\"vc_column-inner\"><h4 class=\"w-text\"><span class=\"w-text-h\"><span class=\"w-text-value\">Contactez-nous<\/span><\/span><\/h4><form class=\"w-form  us-field-style_1 layout_ver show_message_after_sending for_cform us_form_1\" action=\"https:\/\/organicoils.it\/fr\/wp-json\/wp\/v2\/pages\/2874\" method=\"post\"><div class=\"w-form-h\"><div class=\"w-form-row for_text has_label required cols_2\">\r\n\t\t\t<div class=\"w-form-row-label\">\r\n\t\t\t<span>L'Enterprise *<\/span>\r\n\t\t<\/div>\r\n\t\t<div class=\"w-form-row-field\">\r\n\t\t\t\t\t\t<input aria-label=\"L&#039;Enterprise\" type=\"text\" name=\"us_form_1_text_1\" value placeholder=\"L&#039;Enterprise\" data-required=\"true\" aria-required=\"true\"\/>\r\n\t\t\t<\/div>\r\n\t\t<div class=\"w-form-row-state\">Vous devez remplir ce champ<\/div>\r\n<\/div>\r\n<div class=\"w-form-row for_text has_label required cols_2\">\r\n\t\t\t<div class=\"w-form-row-label\">\r\n\t\t\t<span>Nom *<\/span>\r\n\t\t<\/div>\r\n\t\t<div class=\"w-form-row-field\">\r\n\t\t\t\t\t\t<input aria-label=\"Nom\" type=\"text\" name=\"us_form_1_text_2\" value placeholder=\"Nom\" data-required=\"true\" aria-required=\"true\"\/>\r\n\t\t\t<\/div>\r\n\t\t<div class=\"w-form-row-state\">Vous devez remplir ce champ<\/div>\r\n<\/div>\r\n<div class=\"w-form-row for_email has_label required cols_2\">\r\n\t\t\t<div class=\"w-form-row-label\">\r\n\t\t\t<span>E-mail *<\/span>\r\n\t\t<\/div>\r\n\t\t<div class=\"w-form-row-field\">\r\n\t\t\t\t\t\t<input aria-label=\"E-mail\" type=\"email\" name=\"us_form_1_email_1\" value placeholder=\"E-mail\" data-required=\"true\" aria-required=\"true\"\/>\r\n\t\t\t<\/div>\r\n\t\t<div class=\"w-form-row-state\">Veuillez saisir une adresse e-mail valide.<\/div>\r\n<\/div>\r\n<div class=\"w-form-row for_text has_label cols_2\">\r\n\t\t\t<div class=\"w-form-row-label\">\r\n\t\t\t<span>Sujet<\/span>\r\n\t\t<\/div>\r\n\t\t<div class=\"w-form-row-field\">\r\n\t\t\t\t\t\t<input aria-label=\"Sujet\" type=\"text\" name=\"us_form_1_text_3\" value placeholder=\"Sujet\"\/>\r\n\t\t\t<\/div>\r\n\t\t<div class=\"w-form-row-state\">Vous devez remplir ce champ<\/div>\r\n<\/div>\r\n<div class=\"w-form-row for_textarea has_label required\">\r\n\t\t\t<div class=\"w-form-row-label\">\r\n\t\t\t<span><br>Message *<\/span>\r\n\t\t<\/div>\r\n\t\t<div class=\"w-form-row-field\">\r\n\t\t\t\t\t\t<textarea aria-label=\"&lt;br&gt;Message\" name=\"us_form_1_textarea_1\" placeholder=\"Texte&lt;br&gt;Message\" data-required=\"true\" aria-required=\"true\"><\/textarea>\r\n\t\t\t<\/div>\r\n\t\t<div class=\"w-form-row-state\">Vous devez remplir ce champ<\/div>\r\n<\/div>\r\n<input type=\"hidden\" name=\"action\" value=\"us_ajax_cform\" \/>\r\n<input type=\"hidden\" name=\"post_id\" value=\"2970\" \/>\r\n<input type=\"hidden\" name=\"form_index\" value=\"1\" \/>\r\n<div class=\"w-form-row for_submit align_none\"><button class=\"w-btn us-btn-style_4\" type=\"submit\" aria-label=\"Envoyer\"><span class=\"g-preloader type_1\"><\/span><span class=\"w-btn-label\">Envoyer<\/span><\/button><\/div><\/div><div class=\"w-form-message\"><\/div><div class=\"w-form-json hidden\" onclick='return {&quot;ajaxurl&quot;:&quot;https:\\\/\\\/organicoils.it\\\/wp-admin\\\/admin-ajax.php&quot;,&quot;messages&quot;:{&quot;err_empty&quot;:&quot;Vous devez remplir ce champ&quot;,&quot;err_size&quot;:&quot;La taille du fichier ne peut pas d\\u00e9passer %s Mo&quot;,&quot;err_extension&quot;:&quot;Le type de fichier %s n&#039;est pas autoris\\u00e9&quot;,&quot;err_recaptcha_keys&quot;:&quot;Les cl\\u00e9s reCAPTCHA sont incorrectes&quot;}}'><\/div><\/form>\n<\/div><\/div><\/div><\/div><\/section><section class=\"l-section wpb_row height_auto width_full\"><div class=\"l-section-h i-cf\"><div class=\"g-cols vc_row via_grid cols_1 laptops-cols_inherit tablets-cols_inherit mobiles-cols_1 valign_top type_default stacking_default\"><div class=\"wpb_column vc_column_container\"><div class=\"vc_column-inner\"><div class=\"w-map provider_osm\" id=\"us_map_1\"><div class=\"w-map-inner\"><div class=\"w-map-json\" onclick='return {&quot;address&quot;:&quot;45.47752393167422, 11.300258368481742&quot;,&quot;disableDragging&quot;:0,&quot;disableZoom&quot;:1,&quot;hideControls&quot;:0,&quot;zoom&quot;:7,&quot;markers&quot;:[{&quot;address&quot;:&quot;45.47752393167422, 11.300258368481742&quot;,&quot;html&quot;:&quot;&lt;h6&gt;Organic Oils Italie Srl&lt;\\\/h6&gt;\\n&lt;p&gt;&lt;a href=\\&quot;https:\\\/\\\/maps.app.goo.gl\\\/ZckBycbe6sSHLPsN6\\&quot; target=\\&quot;blank\\&quot;&gt;Viale dell&#039;Industria, 1 \\n&lt;br&gt;37030 Ronc\\u00e0 (VR)&lt;\\\/a&gt;\\n&lt;\\\/p&gt;&quot;,&quot;infowindow&quot;:&quot;1&quot;}],&quot;icon&quot;:{&quot;url&quot;:&quot;https:\\\/\\\/organicoils.it\\\/wp-content\\\/uploads\\\/2026\\\/04\\\/location.png&quot;,&quot;size&quot;:[30,30]},&quot;style&quot;:&quot;https:\\\/\\\/{s}.tile.openstreetmap.org\\\/{z}\\\/{x}\\\/{y}.png&quot;}'><\/div><\/div><\/div><\/div><\/div><\/div><\/div><\/section>\n","protected":false},"excerpt":{"rendered":"Notre si\u00e8geViale dell\u2019Industria, 1 37030 Ronc\u00e0 (VR) Italie T\u00e9l\u00e9phone +39 045 111 77169 E-mail info@organicoils.it Contactez-nous L'Enterprise * Vous devez remplir ce champ Nom * Vous devez remplir ce champ E-mail * Veuillez saisir une adresse e-mail valide. Sujet Vous devez remplir ce champ Message * Vous devez remplir ce champ Envoyer","protected":false},"author":3,"featured_media":0,"parent":0,"menu_order":0,"comment_status":"closed","ping_status":"closed","template":"","meta":{"_acf_changed":false,"footnotes":""},"class_list":["post-2874","page","type-page","status-publish","hentry"],"acf":[],"yoast_head":"<!-- This site is optimized with the Yoast SEO plugin v27.4 - https:\/\/yoast.com\/product\/yoast-seo-wordpress\/ -->\n<title>Contacts | Producteurs d\u2019huile 100 % biologique | Organic Oils<\/title>\n<meta name=\"description\" content=\"Contactez Organic Oils, leader en Italie dans la production d\u2019huiles 100 % biologiques. Retrouvez notre si\u00e8ge op\u00e9rationnel \u00e0 Ronc\u00e0 (VR) ainsi que nos coordonn\u00e9es d\u2019entreprise.\" \/>\n<meta name=\"robots\" content=\"index, follow, max-snippet:-1, max-image-preview:large, max-video-preview:-1\" \/>\n<link rel=\"canonical\" href=\"https:\/\/organicoils.it\/fr\/contacts\/\" \/>\n<meta property=\"og:locale\" content=\"fr_FR\" \/>\n<meta property=\"og:type\" content=\"article\" \/>\n<meta property=\"og:title\" content=\"Contacts | Producteurs d\u2019huile 100 % biologique | Organic Oils\" \/>\n<meta property=\"og:description\" content=\"Contactez Organic Oils, leader en Italie dans la production d\u2019huiles 100 % biologiques. Retrouvez notre si\u00e8ge op\u00e9rationnel \u00e0 Ronc\u00e0 (VR) ainsi que nos coordonn\u00e9es d\u2019entreprise.\" \/>\n<meta property=\"og:url\" content=\"https:\/\/organicoils.it\/fr\/contacts\/\" \/>\n<meta property=\"og:site_name\" content=\"Organic Oils\" \/>\n<meta property=\"article:publisher\" content=\"https:\/\/www.facebook.com\/p\/Organic-Oils-Italia-Srl-100063749853874\/\" \/>\n<meta property=\"article:modified_time\" content=\"2026-04-27T11:25:13+00:00\" \/>\n<meta property=\"og:image\" content=\"https:\/\/organicoils.it\/wp-content\/uploads\/2026\/02\/organic-oils-logo-payoff-e1772445341387.png\" \/>\n\t<meta property=\"og:image:width\" content=\"367\" \/>\n\t<meta property=\"og:image:height\" content=\"214\" \/>\n\t<meta property=\"og:image:type\" content=\"image\/png\" \/>\n<meta name=\"twitter:card\" content=\"summary_large_image\" \/>\n<meta name=\"twitter:label1\" content=\"Dur\u00e9e de lecture estim\u00e9e\" \/>\n\t<meta name=\"twitter:data1\" content=\"1 minute\" \/>\n<script type=\"application\/ld+json\" class=\"yoast-schema-graph\">{\"@context\":\"https:\\\/\\\/schema.org\",\"@graph\":[{\"@type\":\"WebPage\",\"@id\":\"https:\\\/\\\/organicoils.it\\\/fr\\\/contacts\\\/\",\"url\":\"https:\\\/\\\/organicoils.it\\\/fr\\\/contacts\\\/\",\"name\":\"Contacts | Producteurs d\u2019huile 100 % biologique | Organic Oils\",\"isPartOf\":{\"@id\":\"https:\\\/\\\/organicoils.it\\\/fr\\\/#website\"},\"datePublished\":\"2026-02-27T13:41:43+00:00\",\"dateModified\":\"2026-04-27T11:25:13+00:00\",\"description\":\"Contactez Organic Oils, leader en Italie dans la production d\u2019huiles 100 % biologiques. Retrouvez notre si\u00e8ge op\u00e9rationnel \u00e0 Ronc\u00e0 (VR) ainsi que nos coordonn\u00e9es d\u2019entreprise.\",\"breadcrumb\":{\"@id\":\"https:\\\/\\\/organicoils.it\\\/fr\\\/contacts\\\/#breadcrumb\"},\"inLanguage\":\"fr-FR\",\"potentialAction\":[{\"@type\":\"ReadAction\",\"target\":[\"https:\\\/\\\/organicoils.it\\\/fr\\\/contacts\\\/\"]}]},{\"@type\":\"BreadcrumbList\",\"@id\":\"https:\\\/\\\/organicoils.it\\\/fr\\\/contacts\\\/#breadcrumb\",\"itemListElement\":[{\"@type\":\"ListItem\",\"position\":1,\"name\":\"Home\",\"item\":\"https:\\\/\\\/organicoils.it\\\/fr\\\/\"},{\"@type\":\"ListItem\",\"position\":2,\"name\":\"Contacts\"}]},{\"@type\":\"WebSite\",\"@id\":\"https:\\\/\\\/organicoils.it\\\/fr\\\/#website\",\"url\":\"https:\\\/\\\/organicoils.it\\\/fr\\\/\",\"name\":\"Organic Oils\",\"description\":\"Gli specialisti degli oli biologici in Italia\",\"publisher\":{\"@id\":\"https:\\\/\\\/organicoils.it\\\/fr\\\/#organization\"},\"potentialAction\":[{\"@type\":\"SearchAction\",\"target\":{\"@type\":\"EntryPoint\",\"urlTemplate\":\"https:\\\/\\\/organicoils.it\\\/fr\\\/?s={search_term_string}\"},\"query-input\":{\"@type\":\"PropertyValueSpecification\",\"valueRequired\":true,\"valueName\":\"search_term_string\"}}],\"inLanguage\":\"fr-FR\"},{\"@type\":\"Organization\",\"@id\":\"https:\\\/\\\/organicoils.it\\\/fr\\\/#organization\",\"name\":\"Organic Oils\",\"url\":\"https:\\\/\\\/organicoils.it\\\/fr\\\/\",\"logo\":{\"@type\":\"ImageObject\",\"inLanguage\":\"fr-FR\",\"@id\":\"https:\\\/\\\/organicoils.it\\\/fr\\\/#\\\/schema\\\/logo\\\/image\\\/\",\"url\":\"https:\\\/\\\/organicoils.it\\\/wp-content\\\/uploads\\\/2026\\\/02\\\/organic-oils-logo-payoff-e1772445341387.png\",\"contentUrl\":\"https:\\\/\\\/organicoils.it\\\/wp-content\\\/uploads\\\/2026\\\/02\\\/organic-oils-logo-payoff-e1772445341387.png\",\"width\":367,\"height\":214,\"caption\":\"Organic Oils\"},\"image\":{\"@id\":\"https:\\\/\\\/organicoils.it\\\/fr\\\/#\\\/schema\\\/logo\\\/image\\\/\"},\"sameAs\":[\"https:\\\/\\\/www.facebook.com\\\/p\\\/Organic-Oils-Italia-Srl-100063749853874\\\/\",\"https:\\\/\\\/www.instagram.com\\\/organic_oils_italia\\\/\"]}]}<\/script>\n<!-- \/ Yoast SEO plugin. -->","yoast_head_json":{"title":"Contacts | Producteurs d\u2019huile 100 % biologique | Organic Oils","description":"Contactez Organic Oils, leader en Italie dans la production d\u2019huiles 100 % biologiques. Retrouvez notre si\u00e8ge op\u00e9rationnel \u00e0 Ronc\u00e0 (VR) ainsi que nos coordonn\u00e9es d\u2019entreprise.","robots":{"index":"index","follow":"follow","max-snippet":"max-snippet:-1","max-image-preview":"max-image-preview:large","max-video-preview":"max-video-preview:-1"},"canonical":"https:\/\/organicoils.it\/fr\/contacts\/","og_locale":"fr_FR","og_type":"article","og_title":"Contacts | Producteurs d\u2019huile 100 % biologique | Organic Oils","og_description":"Contactez Organic Oils, leader en Italie dans la production d\u2019huiles 100 % biologiques. Retrouvez notre si\u00e8ge op\u00e9rationnel \u00e0 Ronc\u00e0 (VR) ainsi que nos coordonn\u00e9es d\u2019entreprise.","og_url":"https:\/\/organicoils.it\/fr\/contacts\/","og_site_name":"Organic Oils","article_publisher":"https:\/\/www.facebook.com\/p\/Organic-Oils-Italia-Srl-100063749853874\/","article_modified_time":"2026-04-27T11:25:13+00:00","og_image":[{"width":367,"height":214,"url":"https:\/\/organicoils.it\/wp-content\/uploads\/2026\/02\/organic-oils-logo-payoff-e1772445341387.png","type":"image\/png"}],"twitter_card":"summary_large_image","twitter_misc":{"Dur\u00e9e de lecture estim\u00e9e":"1 minute"},"schema":{"@context":"https:\/\/schema.org","@graph":[{"@type":"WebPage","@id":"https:\/\/organicoils.it\/fr\/contacts\/","url":"https:\/\/organicoils.it\/fr\/contacts\/","name":"Contacts | Producteurs d\u2019huile 100 % biologique | Organic Oils","isPartOf":{"@id":"https:\/\/organicoils.it\/fr\/#website"},"datePublished":"2026-02-27T13:41:43+00:00","dateModified":"2026-04-27T11:25:13+00:00","description":"Contactez Organic Oils, leader en Italie dans la production d\u2019huiles 100 % biologiques. Retrouvez notre si\u00e8ge op\u00e9rationnel \u00e0 Ronc\u00e0 (VR) ainsi que nos coordonn\u00e9es d\u2019entreprise.","breadcrumb":{"@id":"https:\/\/organicoils.it\/fr\/contacts\/#breadcrumb"},"inLanguage":"fr-FR","potentialAction":[{"@type":"ReadAction","target":["https:\/\/organicoils.it\/fr\/contacts\/"]}]},{"@type":"BreadcrumbList","@id":"https:\/\/organicoils.it\/fr\/contacts\/#breadcrumb","itemListElement":[{"@type":"ListItem","position":1,"name":"Home","item":"https:\/\/organicoils.it\/fr\/"},{"@type":"ListItem","position":2,"name":"Contacts"}]},{"@type":"WebSite","@id":"https:\/\/organicoils.it\/fr\/#website","url":"https:\/\/organicoils.it\/fr\/","name":"Organic Oils","description":"Gli specialisti degli oli biologici in Italia","publisher":{"@id":"https:\/\/organicoils.it\/fr\/#organization"},"potentialAction":[{"@type":"SearchAction","target":{"@type":"EntryPoint","urlTemplate":"https:\/\/organicoils.it\/fr\/?s={search_term_string}"},"query-input":{"@type":"PropertyValueSpecification","valueRequired":true,"valueName":"search_term_string"}}],"inLanguage":"fr-FR"},{"@type":"Organization","@id":"https:\/\/organicoils.it\/fr\/#organization","name":"Organic Oils","url":"https:\/\/organicoils.it\/fr\/","logo":{"@type":"ImageObject","inLanguage":"fr-FR","@id":"https:\/\/organicoils.it\/fr\/#\/schema\/logo\/image\/","url":"https:\/\/organicoils.it\/wp-content\/uploads\/2026\/02\/organic-oils-logo-payoff-e1772445341387.png","contentUrl":"https:\/\/organicoils.it\/wp-content\/uploads\/2026\/02\/organic-oils-logo-payoff-e1772445341387.png","width":367,"height":214,"caption":"Organic Oils"},"image":{"@id":"https:\/\/organicoils.it\/fr\/#\/schema\/logo\/image\/"},"sameAs":["https:\/\/www.facebook.com\/p\/Organic-Oils-Italia-Srl-100063749853874\/","https:\/\/www.instagram.com\/organic_oils_italia\/"]}]}},"_links":{"self":[{"href":"https:\/\/organicoils.it\/fr\/wp-json\/wp\/v2\/pages\/2874","targetHints":{"allow":["GET"]}}],"collection":[{"href":"https:\/\/organicoils.it\/fr\/wp-json\/wp\/v2\/pages"}],"about":[{"href":"https:\/\/organicoils.it\/fr\/wp-json\/wp\/v2\/types\/page"}],"author":[{"embeddable":true,"href":"https:\/\/organicoils.it\/fr\/wp-json\/wp\/v2\/users\/3"}],"replies":[{"embeddable":true,"href":"https:\/\/organicoils.it\/fr\/wp-json\/wp\/v2\/comments?post=2874"}],"version-history":[{"count":8,"href":"https:\/\/organicoils.it\/fr\/wp-json\/wp\/v2\/pages\/2874\/revisions"}],"predecessor-version":[{"id":3202,"href":"https:\/\/organicoils.it\/fr\/wp-json\/wp\/v2\/pages\/2874\/revisions\/3202"}],"wp:attachment":[{"href":"https:\/\/organicoils.it\/fr\/wp-json\/wp\/v2\/media?parent=2874"}],"curies":[{"name":"wp","href":"https:\/\/api.w.org\/{rel}","templated":true}]}}