{"id":2734,"date":"2026-02-27T15:06:43","date_gmt":"2026-02-27T13:06:43","guid":{"rendered":"https:\/\/organicoils.it\/marques\/"},"modified":"2026-04-27T11:56:36","modified_gmt":"2026-04-27T09:56:36","slug":"marques","status":"publish","type":"page","link":"https:\/\/organicoils.it\/fr\/marques\/","title":{"rendered":"Marques"},"content":{"rendered":"<section class=\"l-section wpb_row us_custom_37e31077 height_large color_primary\"><div class=\"l-section-overlay\" style=\"background:linear-gradient(90deg, #95c11f 0%,#95c11f 33%,transparent 73%)\"><\/div><div class=\"l-section-h i-cf\"><div class=\"g-cols vc_row via_grid cols_2 laptops-cols_inherit tablets-cols_inherit mobiles-cols_1 valign_top type_default stacking_default\"><div class=\"wpb_column vc_column_container\"><div class=\"vc_column-inner\"><nav class=\"g-breadcrumbs us_custom_4168cbc3 has_text_color separator_icon align_none\" itemscope itemtype=\"http:\/\/schema.org\/BreadcrumbList\"><div class=\"g-breadcrumbs-item\" itemscope itemprop=\"itemListElement\" itemtype=\"http:\/\/schema.org\/ListItem\"><a itemprop=\"item\" href=\"https:\/\/organicoils.it\/fr\/\"><span itemprop=\"name\">Accueil<\/span><\/a><meta itemprop=\"position\" content=\"1\"\/><\/div><div class=\"g-breadcrumbs-separator\"><i class=\"far fa-angle-right\"><\/i><\/div><div class=\"g-breadcrumbs-item\">Pages<\/div><\/nav><div class=\"w-separator size_medium\"><\/div><h1 class=\"w-text\"><span class=\"w-text-h\"><span class=\"w-text-value\">Nos marques<\/span><\/span><\/h1><div class=\"wpb_text_column\"><div class=\"wpb_wrapper\"><h6>Organic Oils na\u00eet d&rsquo;un mod\u00e8le de production rigoureux, fond\u00e9 sur une s\u00e9lection scrupuleuse des fournisseurs de mati\u00e8res premi\u00e8res biologiques.<br \/>\nLe projet se renforce au sein du Groupe Pellegrini, qui en garantit la qualit\u00e9, le contr\u00f4le de la fili\u00e8re et une exp\u00e9rience industrielle consolid\u00e9e.<\/h6>\n<\/div><\/div><\/div><\/div><div class=\"wpb_column vc_column_container\"><div class=\"vc_column-inner\"><\/div><\/div><\/div><\/div><\/section><section class=\"l-section wpb_row us_custom_d77bca1a us_animate_this height_medium color_alternate\"><div class=\"l-section-h i-cf\"><div class=\"g-cols vc_row via_grid cols_3-2 laptops-cols_inherit tablets-cols_inherit mobiles-cols_1 valign_top type_default stacking_default\"><div class=\"wpb_column vc_column_container\"><div class=\"vc_column-inner\"><div class=\"w-separator us_custom_dcd4f45f size_small with_line width_default thick_2 style_solid color_border align_center\"><div class=\"w-separator-h\"><\/div><\/div><div class=\"wpb_text_column\"><div class=\"wpb_wrapper\"><h2><strong>4 marques, 4 fa\u00e7ons d&rsquo;\u00eatre biologique<\/strong><\/h2>\n<p>Organic Oils se d\u00e9cline en quatre marques distinctes, chacune avec un positionnement pr\u00e9cis et une fonction claire sur le march\u00e9.<\/p>\n<p>Les diff\u00e9rences de langage, de cible et de canal s&rsquo;int\u00e8grent \u00e0 une seule et m\u00eame fili\u00e8re contr\u00f4l\u00e9e, assurant ainsi coh\u00e9rence, qualit\u00e9 et reconnaissabilit\u00e9.<\/p>\n<\/div><\/div><\/div><\/div><div class=\"wpb_column vc_column_container\"><div class=\"vc_column-inner\"><\/div><\/div><\/div><\/div><\/section><section class=\"l-section wpb_row height_medium\"><div class=\"l-section-h i-cf\"><div class=\"g-cols vc_row via_grid cols_2 laptops-cols_inherit tablets-cols_1 mobiles-cols_1 valign_top type_default stacking_default\" style=\"--columns-gap:1.4rem;\"><div class=\"wpb_column vc_column_container\"><div class=\"vc_column-inner\"><div class=\"w-hwrapper us_custom_028f67cf valign_stretch stack_on_mobiles align_justify\" style=\"--hwrapper-gap:0.4rem\"><div class=\"w-image has_ratio align_left\"><a href=\"https:\/\/organicoils.it\/fr\/marques\/crudigno\/\" aria-label=\"Curdigno_eccellenza_quotidiana\" class=\"w-image-h\"><div style=\"padding-bottom:100%\"><\/div><img decoding=\"async\" width=\"2000\" height=\"1333\" src=\"https:\/\/organicoils.it\/wp-content\/uploads\/2026\/04\/Curdigno_eccellenza_quotidiana.jpg\" class=\"attachment-full size-full\" alt=\"\" loading=\"lazy\" \/><\/a><\/div><div class=\"w-vwrapper us_custom_9f4ae147 align_center valign_middle\" style=\"--vwrapper-gap:0rem\"><div class=\"w-image us_custom_2c2e1857 align_center\"><a href=\"https:\/\/organicoils.it\/fr\/marques\/crudigno\/\" aria-label=\"crudigno_rect\" class=\"w-image-h\"><img decoding=\"async\" width=\"469\" height=\"298\" src=\"https:\/\/organicoils.it\/wp-content\/uploads\/2026\/04\/crudigno_rect.png\" class=\"attachment-large size-large\" alt=\"\" loading=\"lazy\" srcset=\"https:\/\/organicoils.it\/wp-content\/uploads\/2026\/04\/crudigno_rect.png 469w, https:\/\/organicoils.it\/wp-content\/uploads\/2026\/04\/crudigno_rect-300x191.png 300w\" sizes=\"auto, (max-width: 469px) 100vw, 469px\" \/><\/a><\/div><div class=\"wpb_text_column us_custom_c036bd98 has_text_color\"><div class=\"wpb_wrapper\"><p><strong>L&rsquo;excellence au quotidien<\/strong><\/p>\n<\/div><\/div><div class=\"w-separator size_small\"><\/div><div class=\"w-btn-wrapper align_justify\"><a class=\"w-btn us-btn-style_1\" href=\"https:\/\/organicoils.it\/fr\/marques\/crudigno\/\"><span class=\"w-btn-label\">D\u00e9couvrez nos produits<\/span><\/a><\/div><\/div><\/div><\/div><\/div><div class=\"wpb_column vc_column_container\"><div class=\"vc_column-inner\"><div class=\"w-hwrapper us_custom_028f67cf valign_stretch stack_on_mobiles align_justify\" style=\"--hwrapper-gap:0rem\"><div class=\"w-image has_ratio align_left\"><a href=\"https:\/\/organicoils.it\/fr\/marques\/napura\/\" aria-label=\"napura_healthy_food\" class=\"w-image-h\"><div style=\"padding-bottom:100%\"><\/div><img decoding=\"async\" width=\"2000\" height=\"1333\" src=\"https:\/\/organicoils.it\/wp-content\/uploads\/2026\/04\/napura_healthy_food.jpg\" class=\"attachment-full size-full\" alt=\"\" loading=\"lazy\" \/><\/a><\/div><div class=\"w-vwrapper us_custom_9f4ae147 align_center valign_middle\" style=\"--vwrapper-gap:0rem\"><div class=\"w-image us_custom_2c2e1857 align_left\"><a href=\"https:\/\/organicoils.it\/fr\/marques\/napura\/\" aria-label=\"napura_rect\" class=\"w-image-h\"><img decoding=\"async\" width=\"470\" height=\"298\" src=\"https:\/\/organicoils.it\/wp-content\/uploads\/2026\/04\/napura_rect.png\" class=\"attachment-large size-large\" alt=\"\" loading=\"lazy\" srcset=\"https:\/\/organicoils.it\/wp-content\/uploads\/2026\/04\/napura_rect.png 470w, https:\/\/organicoils.it\/wp-content\/uploads\/2026\/04\/napura_rect-300x190.png 300w\" sizes=\"auto, (max-width: 470px) 100vw, 470px\" \/><\/a><\/div><div class=\"wpb_text_column us_custom_c036bd98 has_text_color\"><div class=\"wpb_wrapper\"><p><strong>Healthy Food<\/strong><\/p>\n<\/div><\/div><div class=\"w-separator size_small\"><\/div><div class=\"w-btn-wrapper align_justify\"><a class=\"w-btn us-btn-style_1\" href=\"https:\/\/organicoils.it\/fr\/marques\/napura\/\"><span class=\"w-btn-label\">D\u00e9couvrez nos produits<\/span><\/a><\/div><\/div><\/div><\/div><\/div><\/div><\/div><\/section><section class=\"l-section wpb_row us_custom_82a17ce1 height_auto\"><div class=\"l-section-h i-cf\"><div class=\"g-cols vc_row via_grid cols_2 laptops-cols_inherit tablets-cols_1 mobiles-cols_1 valign_top type_default stacking_default\" style=\"--columns-gap:1.4rem;\"><div class=\"wpb_column vc_column_container\"><div class=\"vc_column-inner\"><div class=\"w-hwrapper us_custom_028f67cf valign_stretch stack_on_mobiles align_justify\" style=\"--hwrapper-gap:0rem\"><div class=\"w-image has_ratio align_center\"><a href=\"https:\/\/organicoils.it\/fr\/marques\/condibio\/\" aria-label=\"condibio_La_cr\u00e9ativit\u00e9_en_cuisine\" class=\"w-image-h\"><div style=\"padding-bottom:100%\"><\/div><img decoding=\"async\" width=\"2000\" height=\"1333\" src=\"https:\/\/organicoils.it\/wp-content\/uploads\/2026\/04\/condibio_creativita_in_cucina.jpg\" class=\"attachment-full size-full\" alt=\"\" loading=\"lazy\" \/><\/a><\/div><div class=\"w-vwrapper us_custom_9f4ae147 align_center valign_middle\"><div class=\"w-image us_custom_2c2e1857 align_none\"><a href=\"https:\/\/organicoils.it\/fr\/marques\/condibio\/\" aria-label=\"condibio_rect\" class=\"w-image-h\"><img decoding=\"async\" width=\"470\" height=\"298\" src=\"https:\/\/organicoils.it\/wp-content\/uploads\/2026\/04\/condibio_rect.png\" class=\"attachment-large size-large\" alt=\"\" loading=\"lazy\" srcset=\"https:\/\/organicoils.it\/wp-content\/uploads\/2026\/04\/condibio_rect.png 470w, https:\/\/organicoils.it\/wp-content\/uploads\/2026\/04\/condibio_rect-300x190.png 300w\" sizes=\"auto, (max-width: 470px) 100vw, 470px\" \/><\/a><\/div><div class=\"wpb_text_column us_custom_c036bd98 has_text_color\"><div class=\"wpb_wrapper\"><p><strong>La cr\u00e9ativit\u00e9 en cuisine<\/strong><\/p>\n<\/div><\/div><div class=\"w-separator size_small\"><\/div><div class=\"w-btn-wrapper align_justify\"><a class=\"w-btn us-btn-style_1\" href=\"https:\/\/organicoils.it\/fr\/marques\/condibio\/\"><span class=\"w-btn-label\">D\u00e9couvrez nos produits<\/span><\/a><\/div><\/div><\/div><\/div><\/div><div class=\"wpb_column vc_column_container\"><div class=\"vc_column-inner\"><div class=\"w-hwrapper us_custom_028f67cf valign_stretch stack_on_mobiles align_justify\" style=\"--hwrapper-gap:0rem\"><div class=\"w-image has_ratio align_none\"><a href=\"https:\/\/organicoils.it\/fr\/marques\/biolio\/\" aria-label=\"nutrition_biologique\" class=\"w-image-h\"><div style=\"padding-bottom:100%\"><\/div><img decoding=\"async\" width=\"2000\" height=\"1333\" src=\"https:\/\/organicoils.it\/wp-content\/uploads\/2026\/04\/biolio_nutrimento_biologico.jpg\" class=\"attachment-full size-full\" alt=\"\" loading=\"lazy\" \/><\/a><\/div><div class=\"w-vwrapper us_custom_9f4ae147 align_center valign_middle\"><div class=\"w-image us_custom_2c2e1857 align_none\"><a href=\"https:\/\/organicoils.it\/fr\/marques\/biolio\/\" aria-label=\"BIOlio_rect\" class=\"w-image-h\"><img decoding=\"async\" width=\"470\" height=\"298\" src=\"https:\/\/organicoils.it\/wp-content\/uploads\/2026\/04\/BIOlio_rect.png\" class=\"attachment-large size-large\" alt=\"\" loading=\"lazy\" srcset=\"https:\/\/organicoils.it\/wp-content\/uploads\/2026\/04\/BIOlio_rect.png 470w, https:\/\/organicoils.it\/wp-content\/uploads\/2026\/04\/BIOlio_rect-300x190.png 300w\" sizes=\"auto, (max-width: 470px) 100vw, 470px\" \/><\/a><\/div><div class=\"wpb_text_column us_custom_c036bd98 has_text_color\"><div class=\"wpb_wrapper\"><p><strong>La nutrition biologique<\/strong><\/p>\n<\/div><\/div><div class=\"w-separator size_small\"><\/div><div class=\"w-btn-wrapper align_justify\"><a class=\"w-btn us-btn-style_1\" href=\"https:\/\/organicoils.it\/fr\/marques\/biolio\/\"><span class=\"w-btn-label\">D\u00e9couvrez nos produits<\/span><\/a><\/div><\/div><\/div><\/div><\/div><\/div><\/div><\/section>\n","protected":false},"excerpt":{"rendered":"AccueilPagesNos marquesOrganic Oils na\u00eet d&rsquo;un mod\u00e8le de production rigoureux, fond\u00e9 sur une s\u00e9lection scrupuleuse des fournisseurs de mati\u00e8res premi\u00e8res biologiques. Le projet se renforce au sein du Groupe Pellegrini, qui en garantit la qualit\u00e9, le contr\u00f4le de la fili\u00e8re et une exp\u00e9rience industrielle consolid\u00e9e. 4 marques, 4 fa\u00e7ons d&rsquo;\u00eatre biologique Organic Oils se d\u00e9cline en...","protected":false},"author":3,"featured_media":0,"parent":0,"menu_order":0,"comment_status":"closed","ping_status":"closed","template":"","meta":{"_acf_changed":false,"footnotes":""},"class_list":["post-2734","page","type-page","status-publish","hentry"],"acf":[],"yoast_head":"<!-- This site is optimized with the Yoast SEO plugin v27.4 - https:\/\/yoast.com\/product\/yoast-seo-wordpress\/ -->\n<title>Nos marques : 4 expressions d&#039;une production 100 % biologique | Organic Oils<\/title>\n<meta name=\"description\" content=\"Une seule fili\u00e8re contr\u00f4l\u00e9e pour une production d\u2019huiles 100 % biologiques d\u00e9clin\u00e9e en 4 marques : Crudigno, Napura, CondiBio et BiOlio. Trouvez l\u2019huile parfaite pour vos besoins.\" \/>\n<meta name=\"robots\" content=\"index, follow, max-snippet:-1, max-image-preview:large, max-video-preview:-1\" \/>\n<link rel=\"canonical\" href=\"https:\/\/organicoils.it\/fr\/marques\/\" \/>\n<meta property=\"og:locale\" content=\"fr_FR\" \/>\n<meta property=\"og:type\" content=\"article\" \/>\n<meta property=\"og:title\" content=\"Nos marques : 4 expressions d&#039;une production 100 % biologique | Organic Oils\" \/>\n<meta property=\"og:description\" content=\"Une seule fili\u00e8re contr\u00f4l\u00e9e pour une production d\u2019huiles 100 % biologiques d\u00e9clin\u00e9e en 4 marques : Crudigno, Napura, CondiBio et BiOlio. Trouvez l\u2019huile parfaite pour vos besoins.\" \/>\n<meta property=\"og:url\" content=\"https:\/\/organicoils.it\/fr\/marques\/\" \/>\n<meta property=\"og:site_name\" content=\"Organic Oils\" \/>\n<meta property=\"article:publisher\" content=\"https:\/\/www.facebook.com\/p\/Organic-Oils-Italia-Srl-100063749853874\/\" \/>\n<meta property=\"article:modified_time\" content=\"2026-04-27T09:56:36+00:00\" \/>\n<meta property=\"og:image\" content=\"https:\/\/organicoils.it\/wp-content\/uploads\/2026\/02\/organic-oils-logo-payoff-e1772445341387.png\" \/>\n\t<meta property=\"og:image:width\" content=\"367\" \/>\n\t<meta property=\"og:image:height\" content=\"214\" \/>\n\t<meta property=\"og:image:type\" content=\"image\/png\" \/>\n<meta name=\"twitter:card\" content=\"summary_large_image\" \/>\n<meta name=\"twitter:label1\" content=\"Dur\u00e9e de lecture estim\u00e9e\" \/>\n\t<meta name=\"twitter:data1\" content=\"6 minutes\" \/>\n<script type=\"application\/ld+json\" class=\"yoast-schema-graph\">{\"@context\":\"https:\\\/\\\/schema.org\",\"@graph\":[{\"@type\":\"WebPage\",\"@id\":\"https:\\\/\\\/organicoils.it\\\/fr\\\/marques\\\/\",\"url\":\"https:\\\/\\\/organicoils.it\\\/fr\\\/marques\\\/\",\"name\":\"Nos marques : 4 expressions d'une production 100 % biologique | Organic Oils\",\"isPartOf\":{\"@id\":\"https:\\\/\\\/organicoils.it\\\/fr\\\/#website\"},\"datePublished\":\"2026-02-27T13:06:43+00:00\",\"dateModified\":\"2026-04-27T09:56:36+00:00\",\"description\":\"Une seule fili\u00e8re contr\u00f4l\u00e9e pour une production d\u2019huiles 100 % biologiques d\u00e9clin\u00e9e en 4 marques : Crudigno, Napura, CondiBio et BiOlio. Trouvez l\u2019huile parfaite pour vos besoins.\",\"breadcrumb\":{\"@id\":\"https:\\\/\\\/organicoils.it\\\/fr\\\/marques\\\/#breadcrumb\"},\"inLanguage\":\"fr-FR\",\"potentialAction\":[{\"@type\":\"ReadAction\",\"target\":[\"https:\\\/\\\/organicoils.it\\\/fr\\\/marques\\\/\"]}]},{\"@type\":\"BreadcrumbList\",\"@id\":\"https:\\\/\\\/organicoils.it\\\/fr\\\/marques\\\/#breadcrumb\",\"itemListElement\":[{\"@type\":\"ListItem\",\"position\":1,\"name\":\"Home\",\"item\":\"https:\\\/\\\/organicoils.it\\\/fr\\\/\"},{\"@type\":\"ListItem\",\"position\":2,\"name\":\"Marques\"}]},{\"@type\":\"WebSite\",\"@id\":\"https:\\\/\\\/organicoils.it\\\/fr\\\/#website\",\"url\":\"https:\\\/\\\/organicoils.it\\\/fr\\\/\",\"name\":\"Organic Oils\",\"description\":\"Gli specialisti degli oli biologici in Italia\",\"publisher\":{\"@id\":\"https:\\\/\\\/organicoils.it\\\/fr\\\/#organization\"},\"potentialAction\":[{\"@type\":\"SearchAction\",\"target\":{\"@type\":\"EntryPoint\",\"urlTemplate\":\"https:\\\/\\\/organicoils.it\\\/fr\\\/?s={search_term_string}\"},\"query-input\":{\"@type\":\"PropertyValueSpecification\",\"valueRequired\":true,\"valueName\":\"search_term_string\"}}],\"inLanguage\":\"fr-FR\"},{\"@type\":\"Organization\",\"@id\":\"https:\\\/\\\/organicoils.it\\\/fr\\\/#organization\",\"name\":\"Organic Oils\",\"url\":\"https:\\\/\\\/organicoils.it\\\/fr\\\/\",\"logo\":{\"@type\":\"ImageObject\",\"inLanguage\":\"fr-FR\",\"@id\":\"https:\\\/\\\/organicoils.it\\\/fr\\\/#\\\/schema\\\/logo\\\/image\\\/\",\"url\":\"https:\\\/\\\/organicoils.it\\\/wp-content\\\/uploads\\\/2026\\\/02\\\/organic-oils-logo-payoff-e1772445341387.png\",\"contentUrl\":\"https:\\\/\\\/organicoils.it\\\/wp-content\\\/uploads\\\/2026\\\/02\\\/organic-oils-logo-payoff-e1772445341387.png\",\"width\":367,\"height\":214,\"caption\":\"Organic Oils\"},\"image\":{\"@id\":\"https:\\\/\\\/organicoils.it\\\/fr\\\/#\\\/schema\\\/logo\\\/image\\\/\"},\"sameAs\":[\"https:\\\/\\\/www.facebook.com\\\/p\\\/Organic-Oils-Italia-Srl-100063749853874\\\/\",\"https:\\\/\\\/www.instagram.com\\\/organic_oils_italia\\\/\"]}]}<\/script>\n<!-- \/ Yoast SEO plugin. -->","yoast_head_json":{"title":"Nos marques : 4 expressions d'une production 100 % biologique | Organic Oils","description":"Une seule fili\u00e8re contr\u00f4l\u00e9e pour une production d\u2019huiles 100 % biologiques d\u00e9clin\u00e9e en 4 marques : Crudigno, Napura, CondiBio et BiOlio. Trouvez l\u2019huile parfaite pour vos besoins.","robots":{"index":"index","follow":"follow","max-snippet":"max-snippet:-1","max-image-preview":"max-image-preview:large","max-video-preview":"max-video-preview:-1"},"canonical":"https:\/\/organicoils.it\/fr\/marques\/","og_locale":"fr_FR","og_type":"article","og_title":"Nos marques : 4 expressions d'une production 100 % biologique | Organic Oils","og_description":"Une seule fili\u00e8re contr\u00f4l\u00e9e pour une production d\u2019huiles 100 % biologiques d\u00e9clin\u00e9e en 4 marques : Crudigno, Napura, CondiBio et BiOlio. Trouvez l\u2019huile parfaite pour vos besoins.","og_url":"https:\/\/organicoils.it\/fr\/marques\/","og_site_name":"Organic Oils","article_publisher":"https:\/\/www.facebook.com\/p\/Organic-Oils-Italia-Srl-100063749853874\/","article_modified_time":"2026-04-27T09:56:36+00:00","og_image":[{"width":367,"height":214,"url":"https:\/\/organicoils.it\/wp-content\/uploads\/2026\/02\/organic-oils-logo-payoff-e1772445341387.png","type":"image\/png"}],"twitter_card":"summary_large_image","twitter_misc":{"Dur\u00e9e de lecture estim\u00e9e":"6 minutes"},"schema":{"@context":"https:\/\/schema.org","@graph":[{"@type":"WebPage","@id":"https:\/\/organicoils.it\/fr\/marques\/","url":"https:\/\/organicoils.it\/fr\/marques\/","name":"Nos marques : 4 expressions d'une production 100 % biologique | Organic Oils","isPartOf":{"@id":"https:\/\/organicoils.it\/fr\/#website"},"datePublished":"2026-02-27T13:06:43+00:00","dateModified":"2026-04-27T09:56:36+00:00","description":"Une seule fili\u00e8re contr\u00f4l\u00e9e pour une production d\u2019huiles 100 % biologiques d\u00e9clin\u00e9e en 4 marques : Crudigno, Napura, CondiBio et BiOlio. Trouvez l\u2019huile parfaite pour vos besoins.","breadcrumb":{"@id":"https:\/\/organicoils.it\/fr\/marques\/#breadcrumb"},"inLanguage":"fr-FR","potentialAction":[{"@type":"ReadAction","target":["https:\/\/organicoils.it\/fr\/marques\/"]}]},{"@type":"BreadcrumbList","@id":"https:\/\/organicoils.it\/fr\/marques\/#breadcrumb","itemListElement":[{"@type":"ListItem","position":1,"name":"Home","item":"https:\/\/organicoils.it\/fr\/"},{"@type":"ListItem","position":2,"name":"Marques"}]},{"@type":"WebSite","@id":"https:\/\/organicoils.it\/fr\/#website","url":"https:\/\/organicoils.it\/fr\/","name":"Organic Oils","description":"Gli specialisti degli oli biologici in Italia","publisher":{"@id":"https:\/\/organicoils.it\/fr\/#organization"},"potentialAction":[{"@type":"SearchAction","target":{"@type":"EntryPoint","urlTemplate":"https:\/\/organicoils.it\/fr\/?s={search_term_string}"},"query-input":{"@type":"PropertyValueSpecification","valueRequired":true,"valueName":"search_term_string"}}],"inLanguage":"fr-FR"},{"@type":"Organization","@id":"https:\/\/organicoils.it\/fr\/#organization","name":"Organic Oils","url":"https:\/\/organicoils.it\/fr\/","logo":{"@type":"ImageObject","inLanguage":"fr-FR","@id":"https:\/\/organicoils.it\/fr\/#\/schema\/logo\/image\/","url":"https:\/\/organicoils.it\/wp-content\/uploads\/2026\/02\/organic-oils-logo-payoff-e1772445341387.png","contentUrl":"https:\/\/organicoils.it\/wp-content\/uploads\/2026\/02\/organic-oils-logo-payoff-e1772445341387.png","width":367,"height":214,"caption":"Organic Oils"},"image":{"@id":"https:\/\/organicoils.it\/fr\/#\/schema\/logo\/image\/"},"sameAs":["https:\/\/www.facebook.com\/p\/Organic-Oils-Italia-Srl-100063749853874\/","https:\/\/www.instagram.com\/organic_oils_italia\/"]}]}},"_links":{"self":[{"href":"https:\/\/organicoils.it\/fr\/wp-json\/wp\/v2\/pages\/2734","targetHints":{"allow":["GET"]}}],"collection":[{"href":"https:\/\/organicoils.it\/fr\/wp-json\/wp\/v2\/pages"}],"about":[{"href":"https:\/\/organicoils.it\/fr\/wp-json\/wp\/v2\/types\/page"}],"author":[{"embeddable":true,"href":"https:\/\/organicoils.it\/fr\/wp-json\/wp\/v2\/users\/3"}],"replies":[{"embeddable":true,"href":"https:\/\/organicoils.it\/fr\/wp-json\/wp\/v2\/comments?post=2734"}],"version-history":[{"count":7,"href":"https:\/\/organicoils.it\/fr\/wp-json\/wp\/v2\/pages\/2734\/revisions"}],"predecessor-version":[{"id":3114,"href":"https:\/\/organicoils.it\/fr\/wp-json\/wp\/v2\/pages\/2734\/revisions\/3114"}],"wp:attachment":[{"href":"https:\/\/organicoils.it\/fr\/wp-json\/wp\/v2\/media?parent=2734"}],"curies":[{"name":"wp","href":"https:\/\/api.w.org\/{rel}","templated":true}]}}